{"id":17204,"date":"2024-10-15T11:45:59","date_gmt":"2024-10-15T09:45:59","guid":{"rendered":"https:\/\/www.stefania-canali.de\/?post_type=product&#038;p=17204"},"modified":"2025-08-15T14:33:53","modified_gmt":"2025-08-15T12:33:53","slug":"brandy-e-caffe-villa-zarri","status":"publish","type":"product","link":"https:\/\/stefania-canali.de\/en\/wine-club-offers\/brandy-e-caffe-villa-zarri\/","title":{"rendered":"Brandy e Caff\u00e8 Villa Zarri"},"content":{"rendered":"<p>Ein Brandy-Kaffee-Lik\u00f6r von Villa Zarri, 0,5 l<\/p>\n<p>Ein exquisiter Lik\u00f6r: Milder indischer Arabica-Kaffee kombiniert mit sechs Jahre altem Brandy.<br \/>\nIdeal zu dunkler Schokolade und \u00fcber eine Kugel Vanilleeis.<\/p>\n<p><strong>Alkohol:<\/strong> 40%<\/p>\n<p>&nbsp;<\/p>\n<p><strong><em>Sommercocktail-Rezeptidee:<\/em><\/strong><\/p>\n<p><strong>Marrakesch-Kaffee<\/strong><br \/>\n2\/3 Brandy e Caff\u00e8 Villa Zarri<br \/>\n1\/3 Kaffee<br \/>\nKleine Schokodrops<br \/>\n1 Vanilleschote<\/p>\n<p>Zubereitung:<br \/>\nEinen Shaker mit Eisw\u00fcrfeln f\u00fcllen. Dann alle Zutaten zusammen mit einer halben<br \/>\nVanilleschote verr\u00fchren. Alles gut shaken und in einem Martini-Glas servieren. Mit der andere<br \/>\nH\u00e4lfte der Vanilleschote und Kaffeebohnen oder Kaffeepulver verzieren.<\/p>\n<p>&nbsp;<\/p>\n<p>&nbsp;<\/p>\n","protected":false},"excerpt":{"rendered":"<p>Ein Brandy-Kaffee-Lik\u00f6r von Villa Zarri, 0,5 l<\/p>\n<p>Ein exquisiter Lik\u00f6r: Milder indischer Arabica-Kaffee kombiniert mit sechs Jahre altem Brandy.<br \/>\nIdeal zu dunkler Schokolade und \u00fcber eine Kugel Vanilleeis.<\/p>\n<p><strong>Alkohol:<\/strong> 40%<\/p>\n<p>&nbsp;<\/p>\n<p><em>59,80 EUR\/L. Inkl. Mwst.<\/em><\/p>\n<p>&nbsp;<\/p>\n<p>&nbsp;<\/p>\n<p>&nbsp;<\/p>\n<div class=\"alv\"><strong><em><span class=\"nicht+enthalten\">Allergiehinweise<\/span><\/em><\/strong><\/div>\n<div class=\"alv\"><span class=\"nicht+enthalten\">nicht enthalten<\/span>: Eier, Erdnuss, Fisch, Gluten, Krebstier, Laktose, Lupine, Milch, Schalenfr\u00fcchte, Sellerie, Senf, Sesam, Soja, Weichtier<\/div>\n<div class=\"alv\"><span class=\"nein\">nein<\/span>: Schwefeldioxid und Sulfite &gt; 10mg\/kg<\/div>\n<p>&nbsp;<\/p>\n","protected":false},"featured_media":20555,"template":"","meta":{"_links_to":"","_links_to_target":""},"product_brand":[],"product_cat":[916],"product_tag":[646,647],"class_list":{"0":"post-17204","1":"product","2":"type-product","3":"status-publish","4":"has-post-thumbnail","6":"product_cat-grappa-and-brandy","7":"product_tag-brandy","8":"product_tag-caffe","10":"first","11":"instock","12":"shipping-taxable","13":"purchasable","14":"product-type-simple"},"yoast_head":"<!-- This site is optimized with the Yoast SEO plugin v26.6 - https:\/\/yoast.com\/wordpress\/plugins\/seo\/ -->\n<title>Brandy e Caff\u00e8 Villa Zarri - bei Stefania Canali erh\u00e4ltlich<\/title>\n<meta name=\"description\" content=\"Brandy e Caff\u00e8: Ein Brandy-Kaffee-Lik\u00f6r von Villa Zarri, 0,5 l. Ein exquisiter Lik\u00f6r: Milder indischer Arabica-Kaffee kombiniert mit sechs Jahre altem Brandy. Ideal zu dunkler Schokolade und \u00fcber eine Kugel Vanilleeis.\" \/>\n<meta name=\"robots\" content=\"index, follow, max-snippet:-1, max-image-preview:large, max-video-preview:-1\" \/>\n<link rel=\"canonical\" href=\"https:\/\/stefania-canali.de\/en\/wine-club-offers\/brandy-e-caffe-villa-zarri\/\" \/>\n<meta property=\"og:locale\" content=\"en_US\" \/>\n<meta property=\"og:type\" content=\"article\" \/>\n<meta property=\"og:title\" content=\"Brandy e Caff\u00e8 Villa Zarri - bei Stefania Canali erh\u00e4ltlich\" \/>\n<meta property=\"og:description\" content=\"Brandy e Caff\u00e8: Ein Brandy-Kaffee-Lik\u00f6r von Villa Zarri, 0,5 l. Ein exquisiter Lik\u00f6r: Milder indischer Arabica-Kaffee kombiniert mit sechs Jahre altem Brandy. Ideal zu dunkler Schokolade und \u00fcber eine Kugel Vanilleeis.\" \/>\n<meta property=\"og:url\" content=\"https:\/\/stefania-canali.de\/en\/wine-club-offers\/brandy-e-caffe-villa-zarri\/\" \/>\n<meta property=\"og:site_name\" content=\"Stefania Canali\" \/>\n<meta property=\"article:publisher\" content=\"https:\/\/www.facebook.com\/nittardiwinery\" \/>\n<meta property=\"article:modified_time\" content=\"2025-08-15T12:33:53+00:00\" \/>\n<meta property=\"og:image\" content=\"https:\/\/stefania-canali.de\/wp-content\/uploads\/2024\/10\/Brandy-Caffe-WS.jpg\" \/>\n\t<meta property=\"og:image:width\" content=\"1000\" \/>\n\t<meta property=\"og:image:height\" content=\"1000\" \/>\n\t<meta property=\"og:image:type\" content=\"image\/jpeg\" \/>\n<meta name=\"twitter:card\" content=\"summary_large_image\" \/>\n<meta name=\"twitter:site\" content=\"@nittardi\" \/>\n<script type=\"application\/ld+json\" class=\"yoast-schema-graph\">{\"@context\":\"https:\/\/schema.org\",\"@graph\":[{\"@type\":\"WebPage\",\"@id\":\"https:\/\/stefania-canali.de\/en\/wine-club-offers\/brandy-e-caffe-villa-zarri\/\",\"url\":\"https:\/\/stefania-canali.de\/en\/wine-club-offers\/brandy-e-caffe-villa-zarri\/\",\"name\":\"Brandy e Caff\u00e8 Villa Zarri - bei Stefania Canali erh\u00e4ltlich\",\"isPartOf\":{\"@id\":\"https:\/\/stefania-canali.de\/#website\"},\"primaryImageOfPage\":{\"@id\":\"https:\/\/stefania-canali.de\/en\/wine-club-offers\/brandy-e-caffe-villa-zarri\/#primaryimage\"},\"image\":{\"@id\":\"https:\/\/stefania-canali.de\/en\/wine-club-offers\/brandy-e-caffe-villa-zarri\/#primaryimage\"},\"thumbnailUrl\":\"https:\/\/stefania-canali.de\/wp-content\/uploads\/2024\/10\/Brandy-Caffe-WS.jpg\",\"datePublished\":\"2024-10-15T09:45:59+00:00\",\"dateModified\":\"2025-08-15T12:33:53+00:00\",\"description\":\"Brandy e Caff\u00e8: Ein Brandy-Kaffee-Lik\u00f6r von Villa Zarri, 0,5 l. Ein exquisiter Lik\u00f6r: Milder indischer Arabica-Kaffee kombiniert mit sechs Jahre altem Brandy. Ideal zu dunkler Schokolade und \u00fcber eine Kugel Vanilleeis.\",\"breadcrumb\":{\"@id\":\"https:\/\/stefania-canali.de\/en\/wine-club-offers\/brandy-e-caffe-villa-zarri\/#breadcrumb\"},\"inLanguage\":\"en-US\",\"potentialAction\":[{\"@type\":\"ReadAction\",\"target\":[\"https:\/\/stefania-canali.de\/en\/wine-club-offers\/brandy-e-caffe-villa-zarri\/\"]}]},{\"@type\":\"ImageObject\",\"inLanguage\":\"en-US\",\"@id\":\"https:\/\/stefania-canali.de\/en\/wine-club-offers\/brandy-e-caffe-villa-zarri\/#primaryimage\",\"url\":\"https:\/\/stefania-canali.de\/wp-content\/uploads\/2024\/10\/Brandy-Caffe-WS.jpg\",\"contentUrl\":\"https:\/\/stefania-canali.de\/wp-content\/uploads\/2024\/10\/Brandy-Caffe-WS.jpg\",\"width\":1000,\"height\":1000},{\"@type\":\"BreadcrumbList\",\"@id\":\"https:\/\/stefania-canali.de\/en\/wine-club-offers\/brandy-e-caffe-villa-zarri\/#breadcrumb\",\"itemListElement\":[{\"@type\":\"ListItem\",\"position\":1,\"name\":\"Home\",\"item\":\"https:\/\/stefania-canali.de\/en\/\"},{\"@type\":\"ListItem\",\"position\":2,\"name\":\"Shop\",\"item\":\"https:\/\/stefania-canali.de\/en\/shop\/\"},{\"@type\":\"ListItem\",\"position\":3,\"name\":\"Brandy e Caff\u00e8 Villa Zarri\"}]},{\"@type\":\"WebSite\",\"@id\":\"https:\/\/stefania-canali.de\/#website\",\"url\":\"https:\/\/stefania-canali.de\/\",\"name\":\"Stefania Canali\",\"description\":\"Wine, Art and Hospitality\",\"publisher\":{\"@id\":\"https:\/\/stefania-canali.de\/#organization\"},\"potentialAction\":[{\"@type\":\"SearchAction\",\"target\":{\"@type\":\"EntryPoint\",\"urlTemplate\":\"https:\/\/stefania-canali.de\/?s={search_term_string}\"},\"query-input\":{\"@type\":\"PropertyValueSpecification\",\"valueRequired\":true,\"valueName\":\"search_term_string\"}}],\"inLanguage\":\"en-US\"},{\"@type\":\"Organization\",\"@id\":\"https:\/\/stefania-canali.de\/#organization\",\"name\":\"Stefania Canali\",\"url\":\"https:\/\/stefania-canali.de\/\",\"logo\":{\"@type\":\"ImageObject\",\"inLanguage\":\"en-US\",\"@id\":\"https:\/\/stefania-canali.de\/#\/schema\/logo\/image\/\",\"url\":\"https:\/\/stefania-canali.de\/wp-content\/uploads\/2022\/02\/Stefania-Canali-logo-color.webp\",\"contentUrl\":\"https:\/\/stefania-canali.de\/wp-content\/uploads\/2022\/02\/Stefania-Canali-logo-color.webp\",\"width\":1527,\"height\":776,\"caption\":\"Stefania Canali\"},\"image\":{\"@id\":\"https:\/\/stefania-canali.de\/#\/schema\/logo\/image\/\"},\"sameAs\":[\"https:\/\/www.facebook.com\/nittardiwinery\",\"https:\/\/x.com\/nittardi\",\"https:\/\/www.instagram.com\/fattorianittardi\/\"]}]}<\/script>\n<!-- \/ Yoast SEO plugin. -->","yoast_head_json":{"title":"Brandy e Caff\u00e8 Villa Zarri - bei Stefania Canali erh\u00e4ltlich","description":"Brandy e Caff\u00e8: Ein Brandy-Kaffee-Lik\u00f6r von Villa Zarri, 0,5 l. Ein exquisiter Lik\u00f6r: Milder indischer Arabica-Kaffee kombiniert mit sechs Jahre altem Brandy. Ideal zu dunkler Schokolade und \u00fcber eine Kugel Vanilleeis.","robots":{"index":"index","follow":"follow","max-snippet":"max-snippet:-1","max-image-preview":"max-image-preview:large","max-video-preview":"max-video-preview:-1"},"canonical":"https:\/\/stefania-canali.de\/en\/wine-club-offers\/brandy-e-caffe-villa-zarri\/","og_locale":"en_US","og_type":"article","og_title":"Brandy e Caff\u00e8 Villa Zarri - bei Stefania Canali erh\u00e4ltlich","og_description":"Brandy e Caff\u00e8: Ein Brandy-Kaffee-Lik\u00f6r von Villa Zarri, 0,5 l. Ein exquisiter Lik\u00f6r: Milder indischer Arabica-Kaffee kombiniert mit sechs Jahre altem Brandy. Ideal zu dunkler Schokolade und \u00fcber eine Kugel Vanilleeis.","og_url":"https:\/\/stefania-canali.de\/en\/wine-club-offers\/brandy-e-caffe-villa-zarri\/","og_site_name":"Stefania Canali","article_publisher":"https:\/\/www.facebook.com\/nittardiwinery","article_modified_time":"2025-08-15T12:33:53+00:00","og_image":[{"width":1000,"height":1000,"url":"https:\/\/stefania-canali.de\/wp-content\/uploads\/2024\/10\/Brandy-Caffe-WS.jpg","type":"image\/jpeg"}],"twitter_card":"summary_large_image","twitter_site":"@nittardi","schema":{"@context":"https:\/\/schema.org","@graph":[{"@type":"WebPage","@id":"https:\/\/stefania-canali.de\/en\/wine-club-offers\/brandy-e-caffe-villa-zarri\/","url":"https:\/\/stefania-canali.de\/en\/wine-club-offers\/brandy-e-caffe-villa-zarri\/","name":"Brandy e Caff\u00e8 Villa Zarri - bei Stefania Canali erh\u00e4ltlich","isPartOf":{"@id":"https:\/\/stefania-canali.de\/#website"},"primaryImageOfPage":{"@id":"https:\/\/stefania-canali.de\/en\/wine-club-offers\/brandy-e-caffe-villa-zarri\/#primaryimage"},"image":{"@id":"https:\/\/stefania-canali.de\/en\/wine-club-offers\/brandy-e-caffe-villa-zarri\/#primaryimage"},"thumbnailUrl":"https:\/\/stefania-canali.de\/wp-content\/uploads\/2024\/10\/Brandy-Caffe-WS.jpg","datePublished":"2024-10-15T09:45:59+00:00","dateModified":"2025-08-15T12:33:53+00:00","description":"Brandy e Caff\u00e8: Ein Brandy-Kaffee-Lik\u00f6r von Villa Zarri, 0,5 l. Ein exquisiter Lik\u00f6r: Milder indischer Arabica-Kaffee kombiniert mit sechs Jahre altem Brandy. Ideal zu dunkler Schokolade und \u00fcber eine Kugel Vanilleeis.","breadcrumb":{"@id":"https:\/\/stefania-canali.de\/en\/wine-club-offers\/brandy-e-caffe-villa-zarri\/#breadcrumb"},"inLanguage":"en-US","potentialAction":[{"@type":"ReadAction","target":["https:\/\/stefania-canali.de\/en\/wine-club-offers\/brandy-e-caffe-villa-zarri\/"]}]},{"@type":"ImageObject","inLanguage":"en-US","@id":"https:\/\/stefania-canali.de\/en\/wine-club-offers\/brandy-e-caffe-villa-zarri\/#primaryimage","url":"https:\/\/stefania-canali.de\/wp-content\/uploads\/2024\/10\/Brandy-Caffe-WS.jpg","contentUrl":"https:\/\/stefania-canali.de\/wp-content\/uploads\/2024\/10\/Brandy-Caffe-WS.jpg","width":1000,"height":1000},{"@type":"BreadcrumbList","@id":"https:\/\/stefania-canali.de\/en\/wine-club-offers\/brandy-e-caffe-villa-zarri\/#breadcrumb","itemListElement":[{"@type":"ListItem","position":1,"name":"Home","item":"https:\/\/stefania-canali.de\/en\/"},{"@type":"ListItem","position":2,"name":"Shop","item":"https:\/\/stefania-canali.de\/en\/shop\/"},{"@type":"ListItem","position":3,"name":"Brandy e Caff\u00e8 Villa Zarri"}]},{"@type":"WebSite","@id":"https:\/\/stefania-canali.de\/#website","url":"https:\/\/stefania-canali.de\/","name":"Stefania Canali","description":"Wine, Art and Hospitality","publisher":{"@id":"https:\/\/stefania-canali.de\/#organization"},"potentialAction":[{"@type":"SearchAction","target":{"@type":"EntryPoint","urlTemplate":"https:\/\/stefania-canali.de\/?s={search_term_string}"},"query-input":{"@type":"PropertyValueSpecification","valueRequired":true,"valueName":"search_term_string"}}],"inLanguage":"en-US"},{"@type":"Organization","@id":"https:\/\/stefania-canali.de\/#organization","name":"Stefania Canali","url":"https:\/\/stefania-canali.de\/","logo":{"@type":"ImageObject","inLanguage":"en-US","@id":"https:\/\/stefania-canali.de\/#\/schema\/logo\/image\/","url":"https:\/\/stefania-canali.de\/wp-content\/uploads\/2022\/02\/Stefania-Canali-logo-color.webp","contentUrl":"https:\/\/stefania-canali.de\/wp-content\/uploads\/2022\/02\/Stefania-Canali-logo-color.webp","width":1527,"height":776,"caption":"Stefania Canali"},"image":{"@id":"https:\/\/stefania-canali.de\/#\/schema\/logo\/image\/"},"sameAs":["https:\/\/www.facebook.com\/nittardiwinery","https:\/\/x.com\/nittardi","https:\/\/www.instagram.com\/fattorianittardi\/"]}]}},"_links":{"self":[{"href":"https:\/\/stefania-canali.de\/en\/wp-json\/wp\/v2\/product\/17204","targetHints":{"allow":["GET"]}}],"collection":[{"href":"https:\/\/stefania-canali.de\/en\/wp-json\/wp\/v2\/product"}],"about":[{"href":"https:\/\/stefania-canali.de\/en\/wp-json\/wp\/v2\/types\/product"}],"wp:featuredmedia":[{"embeddable":true,"href":"https:\/\/stefania-canali.de\/en\/wp-json\/wp\/v2\/media\/20555"}],"wp:attachment":[{"href":"https:\/\/stefania-canali.de\/en\/wp-json\/wp\/v2\/media?parent=17204"}],"wp:term":[{"taxonomy":"product_brand","embeddable":true,"href":"https:\/\/stefania-canali.de\/en\/wp-json\/wp\/v2\/product_brand?post=17204"},{"taxonomy":"product_cat","embeddable":true,"href":"https:\/\/stefania-canali.de\/en\/wp-json\/wp\/v2\/product_cat?post=17204"},{"taxonomy":"product_tag","embeddable":true,"href":"https:\/\/stefania-canali.de\/en\/wp-json\/wp\/v2\/product_tag?post=17204"}],"curies":[{"name":"wp","href":"https:\/\/api.w.org\/{rel}","templated":true}]}}