{"id":18434,"date":"2024-10-15T11:51:51","date_gmt":"2024-10-15T09:51:51","guid":{"rendered":"https:\/\/www.stefania-canali.de\/?post_type=product&#038;p=18434"},"modified":"2024-11-27T10:28:44","modified_gmt":"2024-11-27T09:28:44","slug":"bramaventu-reserve-2018-brut-rose-grenache-noir","status":"publish","type":"product","link":"https:\/\/stefania-canali.de\/en\/wine-club-offers\/bramaventu-reserve-2018-brut-rose-grenache-noir\/","title":{"rendered":"Bramaventu R\u00e9serve 2018 Brut Ros\u00e9 Grenache Noir"},"content":{"rendered":"<p><strong>Name:<\/strong> Bramaventu R\u00e9serve 2018 Brut Ros\u00e9, 0,75l.<\/p>\n<p><strong>Region:<\/strong> Perpignan\/Banyuls-sur-Mer<\/p>\n<p><strong>Alcohol:<\/strong> 12,5%<\/p>\n<p><strong>Grape variety:<\/strong> 100% Grenache Noir grapes at 300 m altitude.<\/p>\n<p><strong>Dosage:<\/strong> Brut Nature, 0 g\/l<\/p>\n<p><strong>Profile:<\/strong> Pure, mineral, grapefruit, red berries, sea salt.<\/p>\n<p><strong>Soil:<\/strong> Slate, quartzite<\/p>\n<p><strong>Serving:<\/strong> At a temperature of 8-9\u00b0 C.<\/p>\n<p><strong>Serving suggestions:<\/strong> Ideal as an aperitif, but also excellent with seafood, oysters and fish dishes.<\/p>\n","protected":false},"excerpt":{"rendered":"<p>The Bramaventu is a vintage sparkling wine made according to the method classique from the Grenache noir grape variety from a single vineyard: La Galline, a 2 hectare steep slope on gray slate and quartzite, at an altitude of 300 meters, with vines about 30 years old.<\/p>\n<p>Only the first pressing is used for its own wines, the rest is sold. After only one year on the lees, this distinctive Grenache Noir shows delicate fruit and floral aromas. Perfect for any spring and summer day!<\/p>\n<p>&nbsp;<\/p>\n<p><em>55,73 EUR\/liter<\/em><\/p>\n<p>&nbsp;<\/p>\n<p>&nbsp;<\/p>\n","protected":false},"featured_media":18533,"template":"","meta":{"_links_to":"","_links_to_target":""},"product_brand":[],"product_cat":[918],"product_tag":[768,769],"class_list":{"0":"post-18434","1":"product","2":"type-product","3":"status-publish","4":"has-post-thumbnail","6":"product_cat-prosecco-bramaventu-vinsanto-bottarga-biscotti","7":"product_tag-bramaventu","8":"product_tag-grenache","10":"first","11":"instock","12":"shipping-taxable","13":"purchasable","14":"product-type-simple"},"yoast_head":"<!-- This site is optimized with the Yoast SEO plugin v26.6 - https:\/\/yoast.com\/wordpress\/plugins\/seo\/ -->\n<title>Bramaventu R\u00e9serve 2018 Brut Ros\u00e9 - at Stefania Canali<\/title>\n<meta name=\"description\" content=\"Our new sparkling rarity: Bramaventu R\u00e9serve 2018 Brut Ros\u00e9 Grenache Noir! Order now!\" \/>\n<meta name=\"robots\" content=\"index, follow, max-snippet:-1, max-image-preview:large, max-video-preview:-1\" \/>\n<link rel=\"canonical\" href=\"https:\/\/stefania-canali.de\/en\/wine-club-offers\/bramaventu-reserve-2018-brut-rose-grenache-noir\/\" \/>\n<meta property=\"og:locale\" content=\"en_US\" \/>\n<meta property=\"og:type\" content=\"article\" \/>\n<meta property=\"og:title\" content=\"Bramaventu R\u00e9serve 2018 Brut Ros\u00e9 - at Stefania Canali\" \/>\n<meta property=\"og:description\" content=\"Our new sparkling rarity: Bramaventu R\u00e9serve 2018 Brut Ros\u00e9 Grenache Noir! Order now!\" \/>\n<meta property=\"og:url\" content=\"https:\/\/stefania-canali.de\/en\/wine-club-offers\/bramaventu-reserve-2018-brut-rose-grenache-noir\/\" \/>\n<meta property=\"og:site_name\" content=\"Stefania Canali\" \/>\n<meta property=\"article:publisher\" content=\"https:\/\/www.facebook.com\/nittardiwinery\" \/>\n<meta property=\"article:modified_time\" content=\"2024-11-27T09:28:44+00:00\" \/>\n<meta property=\"og:image\" content=\"https:\/\/stefania-canali.de\/wp-content\/uploads\/2024\/10\/Bramaventu_Reserve_2018.jpeg\" \/>\n\t<meta property=\"og:image:width\" content=\"860\" \/>\n\t<meta property=\"og:image:height\" content=\"1280\" \/>\n\t<meta property=\"og:image:type\" content=\"image\/jpeg\" \/>\n<meta name=\"twitter:card\" content=\"summary_large_image\" \/>\n<meta name=\"twitter:site\" content=\"@nittardi\" \/>\n<meta name=\"twitter:label1\" content=\"Est. reading time\" \/>\n\t<meta name=\"twitter:data1\" content=\"1 minute\" \/>\n<script type=\"application\/ld+json\" class=\"yoast-schema-graph\">{\"@context\":\"https:\/\/schema.org\",\"@graph\":[{\"@type\":\"WebPage\",\"@id\":\"https:\/\/stefania-canali.de\/en\/wine-club-offers\/bramaventu-reserve-2018-brut-rose-grenache-noir\/\",\"url\":\"https:\/\/stefania-canali.de\/en\/wine-club-offers\/bramaventu-reserve-2018-brut-rose-grenache-noir\/\",\"name\":\"Bramaventu R\u00e9serve 2018 Brut Ros\u00e9 - at Stefania Canali\",\"isPartOf\":{\"@id\":\"https:\/\/stefania-canali.de\/#website\"},\"primaryImageOfPage\":{\"@id\":\"https:\/\/stefania-canali.de\/en\/wine-club-offers\/bramaventu-reserve-2018-brut-rose-grenache-noir\/#primaryimage\"},\"image\":{\"@id\":\"https:\/\/stefania-canali.de\/en\/wine-club-offers\/bramaventu-reserve-2018-brut-rose-grenache-noir\/#primaryimage\"},\"thumbnailUrl\":\"https:\/\/stefania-canali.de\/wp-content\/uploads\/2024\/10\/Bramaventu_Reserve_2018.jpeg\",\"datePublished\":\"2024-10-15T09:51:51+00:00\",\"dateModified\":\"2024-11-27T09:28:44+00:00\",\"description\":\"Our new sparkling rarity: Bramaventu R\u00e9serve 2018 Brut Ros\u00e9 Grenache Noir! Order now!\",\"breadcrumb\":{\"@id\":\"https:\/\/stefania-canali.de\/en\/wine-club-offers\/bramaventu-reserve-2018-brut-rose-grenache-noir\/#breadcrumb\"},\"inLanguage\":\"en-US\",\"potentialAction\":[{\"@type\":\"ReadAction\",\"target\":[\"https:\/\/stefania-canali.de\/en\/wine-club-offers\/bramaventu-reserve-2018-brut-rose-grenache-noir\/\"]}]},{\"@type\":\"ImageObject\",\"inLanguage\":\"en-US\",\"@id\":\"https:\/\/stefania-canali.de\/en\/wine-club-offers\/bramaventu-reserve-2018-brut-rose-grenache-noir\/#primaryimage\",\"url\":\"https:\/\/stefania-canali.de\/wp-content\/uploads\/2024\/10\/Bramaventu_Reserve_2018.jpeg\",\"contentUrl\":\"https:\/\/stefania-canali.de\/wp-content\/uploads\/2024\/10\/Bramaventu_Reserve_2018.jpeg\",\"width\":860,\"height\":1280},{\"@type\":\"BreadcrumbList\",\"@id\":\"https:\/\/stefania-canali.de\/en\/wine-club-offers\/bramaventu-reserve-2018-brut-rose-grenache-noir\/#breadcrumb\",\"itemListElement\":[{\"@type\":\"ListItem\",\"position\":1,\"name\":\"Home\",\"item\":\"https:\/\/stefania-canali.de\/en\/\"},{\"@type\":\"ListItem\",\"position\":2,\"name\":\"Shop\",\"item\":\"https:\/\/stefania-canali.de\/en\/shop\/\"},{\"@type\":\"ListItem\",\"position\":3,\"name\":\"Bramaventu R\u00e9serve 2018 Brut Ros\u00e9 Grenache Noir\"}]},{\"@type\":\"WebSite\",\"@id\":\"https:\/\/stefania-canali.de\/#website\",\"url\":\"https:\/\/stefania-canali.de\/\",\"name\":\"Stefania Canali\",\"description\":\"Wine, Art and Hospitality\",\"publisher\":{\"@id\":\"https:\/\/stefania-canali.de\/#organization\"},\"potentialAction\":[{\"@type\":\"SearchAction\",\"target\":{\"@type\":\"EntryPoint\",\"urlTemplate\":\"https:\/\/stefania-canali.de\/?s={search_term_string}\"},\"query-input\":{\"@type\":\"PropertyValueSpecification\",\"valueRequired\":true,\"valueName\":\"search_term_string\"}}],\"inLanguage\":\"en-US\"},{\"@type\":\"Organization\",\"@id\":\"https:\/\/stefania-canali.de\/#organization\",\"name\":\"Stefania Canali\",\"url\":\"https:\/\/stefania-canali.de\/\",\"logo\":{\"@type\":\"ImageObject\",\"inLanguage\":\"en-US\",\"@id\":\"https:\/\/stefania-canali.de\/#\/schema\/logo\/image\/\",\"url\":\"https:\/\/stefania-canali.de\/wp-content\/uploads\/2022\/02\/Stefania-Canali-logo-color.webp\",\"contentUrl\":\"https:\/\/stefania-canali.de\/wp-content\/uploads\/2022\/02\/Stefania-Canali-logo-color.webp\",\"width\":1527,\"height\":776,\"caption\":\"Stefania Canali\"},\"image\":{\"@id\":\"https:\/\/stefania-canali.de\/#\/schema\/logo\/image\/\"},\"sameAs\":[\"https:\/\/www.facebook.com\/nittardiwinery\",\"https:\/\/x.com\/nittardi\",\"https:\/\/www.instagram.com\/fattorianittardi\/\"]}]}<\/script>\n<!-- \/ Yoast SEO plugin. -->","yoast_head_json":{"title":"Bramaventu R\u00e9serve 2018 Brut Ros\u00e9 - at Stefania Canali","description":"Our new sparkling rarity: Bramaventu R\u00e9serve 2018 Brut Ros\u00e9 Grenache Noir! Order now!","robots":{"index":"index","follow":"follow","max-snippet":"max-snippet:-1","max-image-preview":"max-image-preview:large","max-video-preview":"max-video-preview:-1"},"canonical":"https:\/\/stefania-canali.de\/en\/wine-club-offers\/bramaventu-reserve-2018-brut-rose-grenache-noir\/","og_locale":"en_US","og_type":"article","og_title":"Bramaventu R\u00e9serve 2018 Brut Ros\u00e9 - at Stefania Canali","og_description":"Our new sparkling rarity: Bramaventu R\u00e9serve 2018 Brut Ros\u00e9 Grenache Noir! Order now!","og_url":"https:\/\/stefania-canali.de\/en\/wine-club-offers\/bramaventu-reserve-2018-brut-rose-grenache-noir\/","og_site_name":"Stefania Canali","article_publisher":"https:\/\/www.facebook.com\/nittardiwinery","article_modified_time":"2024-11-27T09:28:44+00:00","og_image":[{"width":860,"height":1280,"url":"https:\/\/stefania-canali.de\/wp-content\/uploads\/2024\/10\/Bramaventu_Reserve_2018.jpeg","type":"image\/jpeg"}],"twitter_card":"summary_large_image","twitter_site":"@nittardi","twitter_misc":{"Est. reading time":"1 minute"},"schema":{"@context":"https:\/\/schema.org","@graph":[{"@type":"WebPage","@id":"https:\/\/stefania-canali.de\/en\/wine-club-offers\/bramaventu-reserve-2018-brut-rose-grenache-noir\/","url":"https:\/\/stefania-canali.de\/en\/wine-club-offers\/bramaventu-reserve-2018-brut-rose-grenache-noir\/","name":"Bramaventu R\u00e9serve 2018 Brut Ros\u00e9 - at Stefania Canali","isPartOf":{"@id":"https:\/\/stefania-canali.de\/#website"},"primaryImageOfPage":{"@id":"https:\/\/stefania-canali.de\/en\/wine-club-offers\/bramaventu-reserve-2018-brut-rose-grenache-noir\/#primaryimage"},"image":{"@id":"https:\/\/stefania-canali.de\/en\/wine-club-offers\/bramaventu-reserve-2018-brut-rose-grenache-noir\/#primaryimage"},"thumbnailUrl":"https:\/\/stefania-canali.de\/wp-content\/uploads\/2024\/10\/Bramaventu_Reserve_2018.jpeg","datePublished":"2024-10-15T09:51:51+00:00","dateModified":"2024-11-27T09:28:44+00:00","description":"Our new sparkling rarity: Bramaventu R\u00e9serve 2018 Brut Ros\u00e9 Grenache Noir! Order now!","breadcrumb":{"@id":"https:\/\/stefania-canali.de\/en\/wine-club-offers\/bramaventu-reserve-2018-brut-rose-grenache-noir\/#breadcrumb"},"inLanguage":"en-US","potentialAction":[{"@type":"ReadAction","target":["https:\/\/stefania-canali.de\/en\/wine-club-offers\/bramaventu-reserve-2018-brut-rose-grenache-noir\/"]}]},{"@type":"ImageObject","inLanguage":"en-US","@id":"https:\/\/stefania-canali.de\/en\/wine-club-offers\/bramaventu-reserve-2018-brut-rose-grenache-noir\/#primaryimage","url":"https:\/\/stefania-canali.de\/wp-content\/uploads\/2024\/10\/Bramaventu_Reserve_2018.jpeg","contentUrl":"https:\/\/stefania-canali.de\/wp-content\/uploads\/2024\/10\/Bramaventu_Reserve_2018.jpeg","width":860,"height":1280},{"@type":"BreadcrumbList","@id":"https:\/\/stefania-canali.de\/en\/wine-club-offers\/bramaventu-reserve-2018-brut-rose-grenache-noir\/#breadcrumb","itemListElement":[{"@type":"ListItem","position":1,"name":"Home","item":"https:\/\/stefania-canali.de\/en\/"},{"@type":"ListItem","position":2,"name":"Shop","item":"https:\/\/stefania-canali.de\/en\/shop\/"},{"@type":"ListItem","position":3,"name":"Bramaventu R\u00e9serve 2018 Brut Ros\u00e9 Grenache Noir"}]},{"@type":"WebSite","@id":"https:\/\/stefania-canali.de\/#website","url":"https:\/\/stefania-canali.de\/","name":"Stefania Canali","description":"Wine, Art and Hospitality","publisher":{"@id":"https:\/\/stefania-canali.de\/#organization"},"potentialAction":[{"@type":"SearchAction","target":{"@type":"EntryPoint","urlTemplate":"https:\/\/stefania-canali.de\/?s={search_term_string}"},"query-input":{"@type":"PropertyValueSpecification","valueRequired":true,"valueName":"search_term_string"}}],"inLanguage":"en-US"},{"@type":"Organization","@id":"https:\/\/stefania-canali.de\/#organization","name":"Stefania Canali","url":"https:\/\/stefania-canali.de\/","logo":{"@type":"ImageObject","inLanguage":"en-US","@id":"https:\/\/stefania-canali.de\/#\/schema\/logo\/image\/","url":"https:\/\/stefania-canali.de\/wp-content\/uploads\/2022\/02\/Stefania-Canali-logo-color.webp","contentUrl":"https:\/\/stefania-canali.de\/wp-content\/uploads\/2022\/02\/Stefania-Canali-logo-color.webp","width":1527,"height":776,"caption":"Stefania Canali"},"image":{"@id":"https:\/\/stefania-canali.de\/#\/schema\/logo\/image\/"},"sameAs":["https:\/\/www.facebook.com\/nittardiwinery","https:\/\/x.com\/nittardi","https:\/\/www.instagram.com\/fattorianittardi\/"]}]}},"_links":{"self":[{"href":"https:\/\/stefania-canali.de\/en\/wp-json\/wp\/v2\/product\/18434","targetHints":{"allow":["GET"]}}],"collection":[{"href":"https:\/\/stefania-canali.de\/en\/wp-json\/wp\/v2\/product"}],"about":[{"href":"https:\/\/stefania-canali.de\/en\/wp-json\/wp\/v2\/types\/product"}],"wp:featuredmedia":[{"embeddable":true,"href":"https:\/\/stefania-canali.de\/en\/wp-json\/wp\/v2\/media\/18533"}],"wp:attachment":[{"href":"https:\/\/stefania-canali.de\/en\/wp-json\/wp\/v2\/media?parent=18434"}],"wp:term":[{"taxonomy":"product_brand","embeddable":true,"href":"https:\/\/stefania-canali.de\/en\/wp-json\/wp\/v2\/product_brand?post=18434"},{"taxonomy":"product_cat","embeddable":true,"href":"https:\/\/stefania-canali.de\/en\/wp-json\/wp\/v2\/product_cat?post=18434"},{"taxonomy":"product_tag","embeddable":true,"href":"https:\/\/stefania-canali.de\/en\/wp-json\/wp\/v2\/product_tag?post=18434"}],"curies":[{"name":"wp","href":"https:\/\/api.w.org\/{rel}","templated":true}]}}