{"id":20562,"date":"2024-11-22T14:34:33","date_gmt":"2024-11-22T13:34:33","guid":{"rendered":"https:\/\/stefania-canali.de\/?post_type=product&#038;p=20562"},"modified":"2025-08-15T14:55:45","modified_gmt":"2025-08-15T12:55:45","slug":"casanuova-di-nittardi-2022-magnum","status":"publish","type":"product","link":"https:\/\/stefania-canali.de\/en\/wine-club-offers\/casanuova-di-nittardi-2022-magnum\/","title":{"rendered":"Casanuova di Nittardi 2022 Magnum"},"content":{"rendered":"<div id=\"tab-description\">\n<p><strong>Name<\/strong>: Casanuova di Nittardi <em>Vigna Doghessa<\/em> Chianti Classico D.O.C.G.<\/p>\n<p><strong>Rebsorte<\/strong>: Sangiovese 100%<\/p>\n<p><strong>Alkohol<\/strong>: 14%<\/p>\n<p><strong>Boden<\/strong>: Boden mit mittlerer Tiefe und reichlich Schieferstein (Galestro und Albarese) &#8211; und Lehmstruktur<\/p>\n<p><strong>Reben pro Hectar<\/strong>: 6600<\/p>\n<p><strong>Ausbau<\/strong>: 14 Monate in (10% neuen) franz\u00f6sischen Eichenf\u00e4ssern (500l und 700l), 4 Monate im Zementfass, einige Monate Flaschenverfeinerung.<\/p>\n<p><strong>Profil<\/strong>: Casanuova di Nittardi hat eine leuchtende rubinrote Farbe. Mit intensiven Aromen von Kirschen, Veilchen sowie Noten von Kr\u00e4utern und Gew\u00fcrzen entz\u00fcckt er mit runden Tanninen und einem langen Abgang. Dieser komplexe und zugleich seidige Wein passt hervorragend zu Gerichten wie Bistecca Fiorentina oder Peposo dell\u2018Impruneta. Am besten bei 16\u00b0C servieren.<\/p>\n<p><strong>Lagerf\u00e4higkeit<\/strong>: Mindestens 10 Jahre<\/p>\n<p>&nbsp;<\/p>\n<\/div>\n","protected":false},"excerpt":{"rendered":"<div class=\"woocommerce-product-details__short-description\">\n<p><strong>Bestellen Sie jetzt Casanuova di Nittardi Vigna Doghessa 2022 vor. Wir liefern ab dem 02.12.2024<\/strong><\/p>\n<p>Casanuova di Nittardi Vigna Doghessa 2022 ist der Chianti Classico Annata der Fattoria Nittardi, reinsortig aus Sangiovese aus der Einzellage &#8220;Doghessa&#8221;.<br \/>\nEr w\u00e4chst auf 450 m H\u00f6he auf einem h\u00fcgeligen Terrain im goldenen Dreieck zwischen Panzano, San Donato und Castellina in Chianti.<\/p>\n<p>Casanuova di Nittardi gibt es seit 1981 jedes Jahr in limitierter Auflage mit K\u00fcnstleretikett und seidenem Einschlagpapier, u.a. bisher kreiert von Hundertwasser, Yoko Ono, Tomi Ungerer, G\u00fcnter Grass, Kim Tschang Yeul, Dario Fo, Alain Cl\u00e9ment, Joe Tilson, Mikis Theodorakis und Fabrizio Plessi. Das 42. Etikett und Einschlagpapier wurde von der K\u00fcnstlerin <strong>Rissa<\/strong> kreiert.<\/p>\n<p>Ein wunderbarer Wein f\u00fcr Liebhaber guten Geschmacks und besonderer Kunst.<\/p>\n<\/div>\n<p><strong>Auszeichungen f\u00fcr Casanuova di Nittardi 2022:<br \/>\n<\/strong><\/p>\n<p><strong>93 P &#8211; Luca Maroni<br \/>\n93 P &#8211; James Suckling<br \/>\n92 P &#8211; Robert Parker<\/strong><\/p>\n<div class=\"woocommerce-product-details__short-description\"><em>34,67 EUR\/Liter. Inkl. Mwst. Enth\u00e4lt Sulfite.<\/em><\/div>\n","protected":false},"featured_media":20359,"template":"","meta":{"_links_to":"","_links_to_target":""},"product_brand":[],"product_cat":[917,914],"product_tag":[650,620,651,773,653],"class_list":{"0":"post-20562","1":"product","2":"type-product","3":"status-publish","4":"has-post-thumbnail","6":"product_cat-magnum","7":"product_cat-wine","8":"product_tag-casanuova","9":"product_tag-chianti-classico","10":"product_tag-doghessa","11":"product_tag-magnum","12":"product_tag-sangiovese","14":"first","15":"instock","16":"shipping-taxable","17":"purchasable","18":"product-type-simple"},"yoast_head":"<!-- This site is optimized with the Yoast SEO plugin v26.6 - https:\/\/yoast.com\/wordpress\/plugins\/seo\/ -->\n<title>Casanuova di Nittardi 2022 Magnum - Stefania Canali<\/title>\n<meta name=\"robots\" content=\"index, follow, max-snippet:-1, max-image-preview:large, max-video-preview:-1\" \/>\n<link rel=\"canonical\" href=\"https:\/\/stefania-canali.de\/en\/wine-club-offers\/casanuova-di-nittardi-2022-magnum\/\" \/>\n<meta property=\"og:locale\" content=\"en_US\" \/>\n<meta property=\"og:type\" content=\"article\" \/>\n<meta property=\"og:title\" content=\"Casanuova di Nittardi 2022 Magnum - Stefania Canali\" \/>\n<meta property=\"og:description\" content=\"Bestellen Sie jetzt Casanuova di Nittardi Vigna Doghessa 2022 vor. Wir liefern ab dem 02.12.2024 Casanuova di Nittardi Vigna Doghessa 2022 ist der Chianti Classico Annata der Fattoria Nittardi, reinsortig aus Sangiovese aus der Einzellage &quot;Doghessa&quot;. Er w\u00e4chst auf 450 m H\u00f6he auf einem h\u00fcgeligen Terrain im goldenen Dreieck zwischen Panzano, San Donato und Castellina in Chianti. Casanuova di Nittardi gibt es seit 1981 jedes Jahr in limitierter Auflage mit K\u00fcnstleretikett und seidenem Einschlagpapier, u.a. bisher kreiert von Hundertwasser, Yoko Ono, Tomi Ungerer, G\u00fcnter Grass, Kim Tschang Yeul, Dario Fo, Alain Cl\u00e9ment, Joe Tilson, Mikis Theodorakis und Fabrizio Plessi. Das 42. Etikett und Einschlagpapier wurde von der K\u00fcnstlerin Rissa kreiert. Ein wunderbarer Wein f\u00fcr Liebhaber guten Geschmacks und besonderer Kunst.  Auszeichungen f\u00fcr Casanuova di Nittardi 2022:  93 P - Luca Maroni 93 P - James Suckling 92 P - Robert Parker 34,67 EUR\/Liter. Inkl. Mwst. Enth\u00e4lt Sulfite.\" \/>\n<meta property=\"og:url\" content=\"https:\/\/stefania-canali.de\/en\/wine-club-offers\/casanuova-di-nittardi-2022-magnum\/\" \/>\n<meta property=\"og:site_name\" content=\"Stefania Canali\" \/>\n<meta property=\"article:publisher\" content=\"https:\/\/www.facebook.com\/nittardiwinery\" \/>\n<meta property=\"article:modified_time\" content=\"2025-08-15T12:55:45+00:00\" \/>\n<meta property=\"og:image\" content=\"https:\/\/stefania-canali.de\/wp-content\/uploads\/2024\/11\/2-22MG-WS-2.jpg\" \/>\n\t<meta property=\"og:image:width\" content=\"1000\" \/>\n\t<meta property=\"og:image:height\" content=\"1000\" \/>\n\t<meta property=\"og:image:type\" content=\"image\/jpeg\" \/>\n<meta name=\"twitter:card\" content=\"summary_large_image\" \/>\n<meta name=\"twitter:site\" content=\"@nittardi\" \/>\n<meta name=\"twitter:label1\" content=\"Est. reading time\" \/>\n\t<meta name=\"twitter:data1\" content=\"1 minute\" \/>\n<script type=\"application\/ld+json\" class=\"yoast-schema-graph\">{\"@context\":\"https:\/\/schema.org\",\"@graph\":[{\"@type\":\"WebPage\",\"@id\":\"https:\/\/stefania-canali.de\/en\/wine-club-offers\/casanuova-di-nittardi-2022-magnum\/\",\"url\":\"https:\/\/stefania-canali.de\/en\/wine-club-offers\/casanuova-di-nittardi-2022-magnum\/\",\"name\":\"Casanuova di Nittardi 2022 Magnum - Stefania Canali\",\"isPartOf\":{\"@id\":\"https:\/\/stefania-canali.de\/#website\"},\"primaryImageOfPage\":{\"@id\":\"https:\/\/stefania-canali.de\/en\/wine-club-offers\/casanuova-di-nittardi-2022-magnum\/#primaryimage\"},\"image\":{\"@id\":\"https:\/\/stefania-canali.de\/en\/wine-club-offers\/casanuova-di-nittardi-2022-magnum\/#primaryimage\"},\"thumbnailUrl\":\"https:\/\/stefania-canali.de\/wp-content\/uploads\/2024\/11\/2-22MG-WS-2.jpg\",\"datePublished\":\"2024-11-22T13:34:33+00:00\",\"dateModified\":\"2025-08-15T12:55:45+00:00\",\"breadcrumb\":{\"@id\":\"https:\/\/stefania-canali.de\/en\/wine-club-offers\/casanuova-di-nittardi-2022-magnum\/#breadcrumb\"},\"inLanguage\":\"en-US\",\"potentialAction\":[{\"@type\":\"ReadAction\",\"target\":[\"https:\/\/stefania-canali.de\/en\/wine-club-offers\/casanuova-di-nittardi-2022-magnum\/\"]}]},{\"@type\":\"ImageObject\",\"inLanguage\":\"en-US\",\"@id\":\"https:\/\/stefania-canali.de\/en\/wine-club-offers\/casanuova-di-nittardi-2022-magnum\/#primaryimage\",\"url\":\"https:\/\/stefania-canali.de\/wp-content\/uploads\/2024\/11\/2-22MG-WS-2.jpg\",\"contentUrl\":\"https:\/\/stefania-canali.de\/wp-content\/uploads\/2024\/11\/2-22MG-WS-2.jpg\",\"width\":1000,\"height\":1000},{\"@type\":\"BreadcrumbList\",\"@id\":\"https:\/\/stefania-canali.de\/en\/wine-club-offers\/casanuova-di-nittardi-2022-magnum\/#breadcrumb\",\"itemListElement\":[{\"@type\":\"ListItem\",\"position\":1,\"name\":\"Home\",\"item\":\"https:\/\/stefania-canali.de\/en\/\"},{\"@type\":\"ListItem\",\"position\":2,\"name\":\"Shop\",\"item\":\"https:\/\/stefania-canali.de\/en\/shop\/\"},{\"@type\":\"ListItem\",\"position\":3,\"name\":\"Casanuova di Nittardi 2022 Magnum\"}]},{\"@type\":\"WebSite\",\"@id\":\"https:\/\/stefania-canali.de\/#website\",\"url\":\"https:\/\/stefania-canali.de\/\",\"name\":\"Stefania Canali\",\"description\":\"Wine, Art and Hospitality\",\"publisher\":{\"@id\":\"https:\/\/stefania-canali.de\/#organization\"},\"potentialAction\":[{\"@type\":\"SearchAction\",\"target\":{\"@type\":\"EntryPoint\",\"urlTemplate\":\"https:\/\/stefania-canali.de\/?s={search_term_string}\"},\"query-input\":{\"@type\":\"PropertyValueSpecification\",\"valueRequired\":true,\"valueName\":\"search_term_string\"}}],\"inLanguage\":\"en-US\"},{\"@type\":\"Organization\",\"@id\":\"https:\/\/stefania-canali.de\/#organization\",\"name\":\"Stefania Canali\",\"url\":\"https:\/\/stefania-canali.de\/\",\"logo\":{\"@type\":\"ImageObject\",\"inLanguage\":\"en-US\",\"@id\":\"https:\/\/stefania-canali.de\/#\/schema\/logo\/image\/\",\"url\":\"https:\/\/stefania-canali.de\/wp-content\/uploads\/2022\/02\/Stefania-Canali-logo-color.webp\",\"contentUrl\":\"https:\/\/stefania-canali.de\/wp-content\/uploads\/2022\/02\/Stefania-Canali-logo-color.webp\",\"width\":1527,\"height\":776,\"caption\":\"Stefania Canali\"},\"image\":{\"@id\":\"https:\/\/stefania-canali.de\/#\/schema\/logo\/image\/\"},\"sameAs\":[\"https:\/\/www.facebook.com\/nittardiwinery\",\"https:\/\/x.com\/nittardi\",\"https:\/\/www.instagram.com\/fattorianittardi\/\"]}]}<\/script>\n<!-- \/ Yoast SEO plugin. -->","yoast_head_json":{"title":"Casanuova di Nittardi 2022 Magnum - Stefania Canali","robots":{"index":"index","follow":"follow","max-snippet":"max-snippet:-1","max-image-preview":"max-image-preview:large","max-video-preview":"max-video-preview:-1"},"canonical":"https:\/\/stefania-canali.de\/en\/wine-club-offers\/casanuova-di-nittardi-2022-magnum\/","og_locale":"en_US","og_type":"article","og_title":"Casanuova di Nittardi 2022 Magnum - Stefania Canali","og_description":"Bestellen Sie jetzt Casanuova di Nittardi Vigna Doghessa 2022 vor. Wir liefern ab dem 02.12.2024 Casanuova di Nittardi Vigna Doghessa 2022 ist der Chianti Classico Annata der Fattoria Nittardi, reinsortig aus Sangiovese aus der Einzellage \"Doghessa\". Er w\u00e4chst auf 450 m H\u00f6he auf einem h\u00fcgeligen Terrain im goldenen Dreieck zwischen Panzano, San Donato und Castellina in Chianti. Casanuova di Nittardi gibt es seit 1981 jedes Jahr in limitierter Auflage mit K\u00fcnstleretikett und seidenem Einschlagpapier, u.a. bisher kreiert von Hundertwasser, Yoko Ono, Tomi Ungerer, G\u00fcnter Grass, Kim Tschang Yeul, Dario Fo, Alain Cl\u00e9ment, Joe Tilson, Mikis Theodorakis und Fabrizio Plessi. Das 42. Etikett und Einschlagpapier wurde von der K\u00fcnstlerin Rissa kreiert. Ein wunderbarer Wein f\u00fcr Liebhaber guten Geschmacks und besonderer Kunst.  Auszeichungen f\u00fcr Casanuova di Nittardi 2022:  93 P - Luca Maroni 93 P - James Suckling 92 P - Robert Parker 34,67 EUR\/Liter. Inkl. Mwst. Enth\u00e4lt Sulfite.","og_url":"https:\/\/stefania-canali.de\/en\/wine-club-offers\/casanuova-di-nittardi-2022-magnum\/","og_site_name":"Stefania Canali","article_publisher":"https:\/\/www.facebook.com\/nittardiwinery","article_modified_time":"2025-08-15T12:55:45+00:00","og_image":[{"width":1000,"height":1000,"url":"https:\/\/stefania-canali.de\/wp-content\/uploads\/2024\/11\/2-22MG-WS-2.jpg","type":"image\/jpeg"}],"twitter_card":"summary_large_image","twitter_site":"@nittardi","twitter_misc":{"Est. reading time":"1 minute"},"schema":{"@context":"https:\/\/schema.org","@graph":[{"@type":"WebPage","@id":"https:\/\/stefania-canali.de\/en\/wine-club-offers\/casanuova-di-nittardi-2022-magnum\/","url":"https:\/\/stefania-canali.de\/en\/wine-club-offers\/casanuova-di-nittardi-2022-magnum\/","name":"Casanuova di Nittardi 2022 Magnum - Stefania Canali","isPartOf":{"@id":"https:\/\/stefania-canali.de\/#website"},"primaryImageOfPage":{"@id":"https:\/\/stefania-canali.de\/en\/wine-club-offers\/casanuova-di-nittardi-2022-magnum\/#primaryimage"},"image":{"@id":"https:\/\/stefania-canali.de\/en\/wine-club-offers\/casanuova-di-nittardi-2022-magnum\/#primaryimage"},"thumbnailUrl":"https:\/\/stefania-canali.de\/wp-content\/uploads\/2024\/11\/2-22MG-WS-2.jpg","datePublished":"2024-11-22T13:34:33+00:00","dateModified":"2025-08-15T12:55:45+00:00","breadcrumb":{"@id":"https:\/\/stefania-canali.de\/en\/wine-club-offers\/casanuova-di-nittardi-2022-magnum\/#breadcrumb"},"inLanguage":"en-US","potentialAction":[{"@type":"ReadAction","target":["https:\/\/stefania-canali.de\/en\/wine-club-offers\/casanuova-di-nittardi-2022-magnum\/"]}]},{"@type":"ImageObject","inLanguage":"en-US","@id":"https:\/\/stefania-canali.de\/en\/wine-club-offers\/casanuova-di-nittardi-2022-magnum\/#primaryimage","url":"https:\/\/stefania-canali.de\/wp-content\/uploads\/2024\/11\/2-22MG-WS-2.jpg","contentUrl":"https:\/\/stefania-canali.de\/wp-content\/uploads\/2024\/11\/2-22MG-WS-2.jpg","width":1000,"height":1000},{"@type":"BreadcrumbList","@id":"https:\/\/stefania-canali.de\/en\/wine-club-offers\/casanuova-di-nittardi-2022-magnum\/#breadcrumb","itemListElement":[{"@type":"ListItem","position":1,"name":"Home","item":"https:\/\/stefania-canali.de\/en\/"},{"@type":"ListItem","position":2,"name":"Shop","item":"https:\/\/stefania-canali.de\/en\/shop\/"},{"@type":"ListItem","position":3,"name":"Casanuova di Nittardi 2022 Magnum"}]},{"@type":"WebSite","@id":"https:\/\/stefania-canali.de\/#website","url":"https:\/\/stefania-canali.de\/","name":"Stefania Canali","description":"Wine, Art and Hospitality","publisher":{"@id":"https:\/\/stefania-canali.de\/#organization"},"potentialAction":[{"@type":"SearchAction","target":{"@type":"EntryPoint","urlTemplate":"https:\/\/stefania-canali.de\/?s={search_term_string}"},"query-input":{"@type":"PropertyValueSpecification","valueRequired":true,"valueName":"search_term_string"}}],"inLanguage":"en-US"},{"@type":"Organization","@id":"https:\/\/stefania-canali.de\/#organization","name":"Stefania Canali","url":"https:\/\/stefania-canali.de\/","logo":{"@type":"ImageObject","inLanguage":"en-US","@id":"https:\/\/stefania-canali.de\/#\/schema\/logo\/image\/","url":"https:\/\/stefania-canali.de\/wp-content\/uploads\/2022\/02\/Stefania-Canali-logo-color.webp","contentUrl":"https:\/\/stefania-canali.de\/wp-content\/uploads\/2022\/02\/Stefania-Canali-logo-color.webp","width":1527,"height":776,"caption":"Stefania Canali"},"image":{"@id":"https:\/\/stefania-canali.de\/#\/schema\/logo\/image\/"},"sameAs":["https:\/\/www.facebook.com\/nittardiwinery","https:\/\/x.com\/nittardi","https:\/\/www.instagram.com\/fattorianittardi\/"]}]}},"_links":{"self":[{"href":"https:\/\/stefania-canali.de\/en\/wp-json\/wp\/v2\/product\/20562","targetHints":{"allow":["GET"]}}],"collection":[{"href":"https:\/\/stefania-canali.de\/en\/wp-json\/wp\/v2\/product"}],"about":[{"href":"https:\/\/stefania-canali.de\/en\/wp-json\/wp\/v2\/types\/product"}],"wp:featuredmedia":[{"embeddable":true,"href":"https:\/\/stefania-canali.de\/en\/wp-json\/wp\/v2\/media\/20359"}],"wp:attachment":[{"href":"https:\/\/stefania-canali.de\/en\/wp-json\/wp\/v2\/media?parent=20562"}],"wp:term":[{"taxonomy":"product_brand","embeddable":true,"href":"https:\/\/stefania-canali.de\/en\/wp-json\/wp\/v2\/product_brand?post=20562"},{"taxonomy":"product_cat","embeddable":true,"href":"https:\/\/stefania-canali.de\/en\/wp-json\/wp\/v2\/product_cat?post=20562"},{"taxonomy":"product_tag","embeddable":true,"href":"https:\/\/stefania-canali.de\/en\/wp-json\/wp\/v2\/product_tag?post=20562"}],"curies":[{"name":"wp","href":"https:\/\/api.w.org\/{rel}","templated":true}]}}