{"id":20570,"date":"2024-10-15T11:54:45","date_gmt":"2024-10-15T09:54:45","guid":{"rendered":"https:\/\/stefania-canali.de\/?post_type=product&#038;p=20570"},"modified":"2025-11-21T11:01:42","modified_gmt":"2025-11-21T10:01:42","slug":"nittardi-nectar-dei-2019-magnum","status":"publish","type":"product","link":"https:\/\/stefania-canali.de\/en\/wine-club-offers\/nittardi-nectar-dei-2019-magnum\/","title":{"rendered":"Nittardi Nectar Dei 2019 Magnum &#8211; out of stock"},"content":{"rendered":"<p><strong>Name<\/strong>: Nectar Dei DOC Maremma Toscana<\/p>\n<p><strong>Rebsorte<\/strong>: Cabernet Sauvignon 60%, Petit Verdot 30%, Merlot 10%<\/p>\n<p><strong>Alkohol:<\/strong> 13,5%<\/p>\n<p><strong>Boden<\/strong>: Vorwiegend sandig mit reichlich Stein- und Lehm Struktur<\/p>\n<p><strong>Reben pro Hectar<\/strong>: 6600<\/p>\n<p><strong>Herstellung<\/strong>: Fermentierung in 5 und 10,5 t Edelstahltanks, danach 24 Monate Ausbau in franz\u00f6sischen Barriques, 6 Monate im Zementfass und 12 Monate Flaschenverfeinerung<\/p>\n<p><strong>Profil<\/strong>: Tiefrot mit purpurnen Reflexen, mit Duft nach Vanille, Tabak, ein Hauch von Gew\u00fcrzen und rosa Pfeffer, im Geschmack sehr konzentriert, komplex, mit vollem Finale. Passt zu allen Variationen von rotem Fleisch und Wild, ab 18\u00b0 C servieren<br \/>\n(2 Std. vorher entkorken und dekantieren)<\/p>\n<p><strong>Lagerf\u00e4higkeit<\/strong>: Bis 20 Jahre<\/p>\n","protected":false},"excerpt":{"rendered":"<p>Nectar Dei, unser Super-Premium-Wein, bezeichnet nach dem antiken Namen von Nittardi, der in einem Dokument aus dem Jahre 1183 entdeckt wurde, ist eine au\u00dfergew\u00f6hnliche Cuv\u00e9e aus Cabernet Sauvignon, Merlot und Syrah und Petit Verdot. In der Tradition von Nittardi wurden Papst Benedikt XVI. die ersten Flaschen dieses neuen Weines gereicht, schlie\u00dflich ist es \u00fcberliefert, dass Michelangelo Buonarroti schon im 16. Jahrhundert Julius II. und Leo X. den Wein seines Gutes Nittardi \u00fcberbrachte, laut Michelangelo, um \u201edem Papst ein genuines Geschenk zu machen\u201c.<\/p>\n<div>Nectar Dei 2019: Luca Maroni 96\/100<\/div>\n<div>\u00a0<\/div>\n<div>Nectar Dei 2018: Luca Maroni 97\/100<\/div>\n<div>\u00a0<\/div>\n<div>Nectar Dei 2016: James Suckling 94-95\/100<\/div>\n<p>Nectar Dei 2015: James Suckling 95\/100 Robert Parker 92\/100 Nectar Dei 2014: Luca Maroni 94\/100 James Suckling 93\/100 Nectar Dei 2013: James Suckling 94\/100 Robert Parker 93\/100 Nectar Dei 2012: AIS Vitae \u2013 t t t t Wine Spectator \u2013 94 P Livets Goda \u2013 94 P Decanter \u2013 Goldmedaille 2015 \u00a0 <em>66,67 EUR\/L. Inkl. Mwst. Enth\u00e4lt Sulfite.<\/em><\/p>\n","protected":false},"featured_media":17322,"template":"","meta":{"_links_to":"","_links_to_target":""},"product_brand":[],"product_cat":[917,914],"product_tag":[674],"class_list":{"0":"post-20570","1":"product","2":"type-product","3":"status-publish","4":"has-post-thumbnail","6":"product_cat-magnum","7":"product_cat-wine","8":"product_tag-nectar-dei","10":"first","11":"outofstock","12":"shipping-taxable","13":"purchasable","14":"product-type-simple"},"yoast_head":"<!-- This site is optimized with the Yoast SEO plugin v26.6 - https:\/\/yoast.com\/wordpress\/plugins\/seo\/ -->\n<title>Nittardi Nectar Dei 2019 Magnum - out of stock - Stefania Canali<\/title>\n<meta name=\"robots\" content=\"index, follow, max-snippet:-1, max-image-preview:large, max-video-preview:-1\" \/>\n<link rel=\"canonical\" href=\"https:\/\/stefania-canali.de\/en\/wine-club-offers\/nittardi-nectar-dei-2019-magnum\/\" \/>\n<meta property=\"og:locale\" content=\"en_US\" \/>\n<meta property=\"og:type\" content=\"article\" \/>\n<meta property=\"og:title\" content=\"Nittardi Nectar Dei 2019 Magnum - out of stock - Stefania Canali\" \/>\n<meta property=\"og:description\" content=\"Nectar Dei, unser Super-Premium-Wein, bezeichnet nach dem antiken Namen von Nittardi, der in einem Dokument aus dem Jahre 1183 entdeckt wurde, ist eine au\u00dfergew\u00f6hnliche Cuv\u00e9e aus Cabernet Sauvignon, Merlot und Syrah und Petit Verdot. In der Tradition von Nittardi wurden Papst Benedikt XVI. die ersten Flaschen dieses neuen Weines gereicht, schlie\u00dflich ist es \u00fcberliefert, dass Michelangelo Buonarroti schon im 16. Jahrhundert Julius II. und Leo X. den Wein seines Gutes Nittardi \u00fcberbrachte, laut Michelangelo, um \u201edem Papst ein genuines Geschenk zu machen\u201c. Nectar Dei 2019: Luca Maroni 96\/100 \u00a0 Nectar Dei 2018: Luca Maroni 97\/100 \u00a0 Nectar Dei 2016: James Suckling 94-95\/100 Nectar Dei 2015: James Suckling 95\/100 Robert Parker 92\/100 Nectar Dei 2014: Luca Maroni 94\/100 James Suckling 93\/100 Nectar Dei 2013: James Suckling 94\/100 Robert Parker 93\/100 Nectar Dei 2012: AIS Vitae \u2013 t t t t Wine Spectator \u2013 94 P Livets Goda \u2013 94 P Decanter \u2013 Goldmedaille 2015 \u00a0 66,67 EUR\/L. Inkl. Mwst. Enth\u00e4lt Sulfite.\" \/>\n<meta property=\"og:url\" content=\"https:\/\/stefania-canali.de\/en\/wine-club-offers\/nittardi-nectar-dei-2019-magnum\/\" \/>\n<meta property=\"og:site_name\" content=\"Stefania Canali\" \/>\n<meta property=\"article:publisher\" content=\"https:\/\/www.facebook.com\/nittardiwinery\" \/>\n<meta property=\"article:modified_time\" content=\"2025-11-21T10:01:42+00:00\" \/>\n<meta property=\"og:image\" content=\"https:\/\/stefania-canali.de\/wp-content\/uploads\/2024\/10\/Nectar-Dei_11_MG-Kopie.jpg\" \/>\n\t<meta property=\"og:image:width\" content=\"716\" \/>\n\t<meta property=\"og:image:height\" content=\"1024\" \/>\n\t<meta property=\"og:image:type\" content=\"image\/jpeg\" \/>\n<meta name=\"twitter:card\" content=\"summary_large_image\" \/>\n<meta name=\"twitter:site\" content=\"@nittardi\" \/>\n<script type=\"application\/ld+json\" class=\"yoast-schema-graph\">{\"@context\":\"https:\/\/schema.org\",\"@graph\":[{\"@type\":\"WebPage\",\"@id\":\"https:\/\/stefania-canali.de\/en\/wine-club-offers\/nittardi-nectar-dei-2019-magnum\/\",\"url\":\"https:\/\/stefania-canali.de\/en\/wine-club-offers\/nittardi-nectar-dei-2019-magnum\/\",\"name\":\"Nittardi Nectar Dei 2019 Magnum - out of stock - Stefania Canali\",\"isPartOf\":{\"@id\":\"https:\/\/stefania-canali.de\/#website\"},\"primaryImageOfPage\":{\"@id\":\"https:\/\/stefania-canali.de\/en\/wine-club-offers\/nittardi-nectar-dei-2019-magnum\/#primaryimage\"},\"image\":{\"@id\":\"https:\/\/stefania-canali.de\/en\/wine-club-offers\/nittardi-nectar-dei-2019-magnum\/#primaryimage\"},\"thumbnailUrl\":\"https:\/\/stefania-canali.de\/wp-content\/uploads\/2024\/10\/Nectar-Dei_11_MG-Kopie.jpg\",\"datePublished\":\"2024-10-15T09:54:45+00:00\",\"dateModified\":\"2025-11-21T10:01:42+00:00\",\"breadcrumb\":{\"@id\":\"https:\/\/stefania-canali.de\/en\/wine-club-offers\/nittardi-nectar-dei-2019-magnum\/#breadcrumb\"},\"inLanguage\":\"en-US\",\"potentialAction\":[{\"@type\":\"ReadAction\",\"target\":[\"https:\/\/stefania-canali.de\/en\/wine-club-offers\/nittardi-nectar-dei-2019-magnum\/\"]}]},{\"@type\":\"ImageObject\",\"inLanguage\":\"en-US\",\"@id\":\"https:\/\/stefania-canali.de\/en\/wine-club-offers\/nittardi-nectar-dei-2019-magnum\/#primaryimage\",\"url\":\"https:\/\/stefania-canali.de\/wp-content\/uploads\/2024\/10\/Nectar-Dei_11_MG-Kopie.jpg\",\"contentUrl\":\"https:\/\/stefania-canali.de\/wp-content\/uploads\/2024\/10\/Nectar-Dei_11_MG-Kopie.jpg\",\"width\":716,\"height\":1024},{\"@type\":\"BreadcrumbList\",\"@id\":\"https:\/\/stefania-canali.de\/en\/wine-club-offers\/nittardi-nectar-dei-2019-magnum\/#breadcrumb\",\"itemListElement\":[{\"@type\":\"ListItem\",\"position\":1,\"name\":\"Home\",\"item\":\"https:\/\/stefania-canali.de\/en\/\"},{\"@type\":\"ListItem\",\"position\":2,\"name\":\"Shop\",\"item\":\"https:\/\/stefania-canali.de\/en\/shop\/\"},{\"@type\":\"ListItem\",\"position\":3,\"name\":\"Nittardi Nectar Dei 2019 Magnum &#8211; out of stock\"}]},{\"@type\":\"WebSite\",\"@id\":\"https:\/\/stefania-canali.de\/#website\",\"url\":\"https:\/\/stefania-canali.de\/\",\"name\":\"Stefania Canali\",\"description\":\"Wine, Art and Hospitality\",\"publisher\":{\"@id\":\"https:\/\/stefania-canali.de\/#organization\"},\"potentialAction\":[{\"@type\":\"SearchAction\",\"target\":{\"@type\":\"EntryPoint\",\"urlTemplate\":\"https:\/\/stefania-canali.de\/?s={search_term_string}\"},\"query-input\":{\"@type\":\"PropertyValueSpecification\",\"valueRequired\":true,\"valueName\":\"search_term_string\"}}],\"inLanguage\":\"en-US\"},{\"@type\":\"Organization\",\"@id\":\"https:\/\/stefania-canali.de\/#organization\",\"name\":\"Stefania Canali\",\"url\":\"https:\/\/stefania-canali.de\/\",\"logo\":{\"@type\":\"ImageObject\",\"inLanguage\":\"en-US\",\"@id\":\"https:\/\/stefania-canali.de\/#\/schema\/logo\/image\/\",\"url\":\"https:\/\/stefania-canali.de\/wp-content\/uploads\/2022\/02\/Stefania-Canali-logo-color.webp\",\"contentUrl\":\"https:\/\/stefania-canali.de\/wp-content\/uploads\/2022\/02\/Stefania-Canali-logo-color.webp\",\"width\":1527,\"height\":776,\"caption\":\"Stefania Canali\"},\"image\":{\"@id\":\"https:\/\/stefania-canali.de\/#\/schema\/logo\/image\/\"},\"sameAs\":[\"https:\/\/www.facebook.com\/nittardiwinery\",\"https:\/\/x.com\/nittardi\",\"https:\/\/www.instagram.com\/fattorianittardi\/\"]}]}<\/script>\n<!-- \/ Yoast SEO plugin. -->","yoast_head_json":{"title":"Nittardi Nectar Dei 2019 Magnum - out of stock - Stefania Canali","robots":{"index":"index","follow":"follow","max-snippet":"max-snippet:-1","max-image-preview":"max-image-preview:large","max-video-preview":"max-video-preview:-1"},"canonical":"https:\/\/stefania-canali.de\/en\/wine-club-offers\/nittardi-nectar-dei-2019-magnum\/","og_locale":"en_US","og_type":"article","og_title":"Nittardi Nectar Dei 2019 Magnum - out of stock - Stefania Canali","og_description":"Nectar Dei, unser Super-Premium-Wein, bezeichnet nach dem antiken Namen von Nittardi, der in einem Dokument aus dem Jahre 1183 entdeckt wurde, ist eine au\u00dfergew\u00f6hnliche Cuv\u00e9e aus Cabernet Sauvignon, Merlot und Syrah und Petit Verdot. In der Tradition von Nittardi wurden Papst Benedikt XVI. die ersten Flaschen dieses neuen Weines gereicht, schlie\u00dflich ist es \u00fcberliefert, dass Michelangelo Buonarroti schon im 16. Jahrhundert Julius II. und Leo X. den Wein seines Gutes Nittardi \u00fcberbrachte, laut Michelangelo, um \u201edem Papst ein genuines Geschenk zu machen\u201c. Nectar Dei 2019: Luca Maroni 96\/100 \u00a0 Nectar Dei 2018: Luca Maroni 97\/100 \u00a0 Nectar Dei 2016: James Suckling 94-95\/100 Nectar Dei 2015: James Suckling 95\/100 Robert Parker 92\/100 Nectar Dei 2014: Luca Maroni 94\/100 James Suckling 93\/100 Nectar Dei 2013: James Suckling 94\/100 Robert Parker 93\/100 Nectar Dei 2012: AIS Vitae \u2013 t t t t Wine Spectator \u2013 94 P Livets Goda \u2013 94 P Decanter \u2013 Goldmedaille 2015 \u00a0 66,67 EUR\/L. Inkl. Mwst. Enth\u00e4lt Sulfite.","og_url":"https:\/\/stefania-canali.de\/en\/wine-club-offers\/nittardi-nectar-dei-2019-magnum\/","og_site_name":"Stefania Canali","article_publisher":"https:\/\/www.facebook.com\/nittardiwinery","article_modified_time":"2025-11-21T10:01:42+00:00","og_image":[{"width":716,"height":1024,"url":"https:\/\/stefania-canali.de\/wp-content\/uploads\/2024\/10\/Nectar-Dei_11_MG-Kopie.jpg","type":"image\/jpeg"}],"twitter_card":"summary_large_image","twitter_site":"@nittardi","schema":{"@context":"https:\/\/schema.org","@graph":[{"@type":"WebPage","@id":"https:\/\/stefania-canali.de\/en\/wine-club-offers\/nittardi-nectar-dei-2019-magnum\/","url":"https:\/\/stefania-canali.de\/en\/wine-club-offers\/nittardi-nectar-dei-2019-magnum\/","name":"Nittardi Nectar Dei 2019 Magnum - out of stock - Stefania Canali","isPartOf":{"@id":"https:\/\/stefania-canali.de\/#website"},"primaryImageOfPage":{"@id":"https:\/\/stefania-canali.de\/en\/wine-club-offers\/nittardi-nectar-dei-2019-magnum\/#primaryimage"},"image":{"@id":"https:\/\/stefania-canali.de\/en\/wine-club-offers\/nittardi-nectar-dei-2019-magnum\/#primaryimage"},"thumbnailUrl":"https:\/\/stefania-canali.de\/wp-content\/uploads\/2024\/10\/Nectar-Dei_11_MG-Kopie.jpg","datePublished":"2024-10-15T09:54:45+00:00","dateModified":"2025-11-21T10:01:42+00:00","breadcrumb":{"@id":"https:\/\/stefania-canali.de\/en\/wine-club-offers\/nittardi-nectar-dei-2019-magnum\/#breadcrumb"},"inLanguage":"en-US","potentialAction":[{"@type":"ReadAction","target":["https:\/\/stefania-canali.de\/en\/wine-club-offers\/nittardi-nectar-dei-2019-magnum\/"]}]},{"@type":"ImageObject","inLanguage":"en-US","@id":"https:\/\/stefania-canali.de\/en\/wine-club-offers\/nittardi-nectar-dei-2019-magnum\/#primaryimage","url":"https:\/\/stefania-canali.de\/wp-content\/uploads\/2024\/10\/Nectar-Dei_11_MG-Kopie.jpg","contentUrl":"https:\/\/stefania-canali.de\/wp-content\/uploads\/2024\/10\/Nectar-Dei_11_MG-Kopie.jpg","width":716,"height":1024},{"@type":"BreadcrumbList","@id":"https:\/\/stefania-canali.de\/en\/wine-club-offers\/nittardi-nectar-dei-2019-magnum\/#breadcrumb","itemListElement":[{"@type":"ListItem","position":1,"name":"Home","item":"https:\/\/stefania-canali.de\/en\/"},{"@type":"ListItem","position":2,"name":"Shop","item":"https:\/\/stefania-canali.de\/en\/shop\/"},{"@type":"ListItem","position":3,"name":"Nittardi Nectar Dei 2019 Magnum &#8211; out of stock"}]},{"@type":"WebSite","@id":"https:\/\/stefania-canali.de\/#website","url":"https:\/\/stefania-canali.de\/","name":"Stefania Canali","description":"Wine, Art and Hospitality","publisher":{"@id":"https:\/\/stefania-canali.de\/#organization"},"potentialAction":[{"@type":"SearchAction","target":{"@type":"EntryPoint","urlTemplate":"https:\/\/stefania-canali.de\/?s={search_term_string}"},"query-input":{"@type":"PropertyValueSpecification","valueRequired":true,"valueName":"search_term_string"}}],"inLanguage":"en-US"},{"@type":"Organization","@id":"https:\/\/stefania-canali.de\/#organization","name":"Stefania Canali","url":"https:\/\/stefania-canali.de\/","logo":{"@type":"ImageObject","inLanguage":"en-US","@id":"https:\/\/stefania-canali.de\/#\/schema\/logo\/image\/","url":"https:\/\/stefania-canali.de\/wp-content\/uploads\/2022\/02\/Stefania-Canali-logo-color.webp","contentUrl":"https:\/\/stefania-canali.de\/wp-content\/uploads\/2022\/02\/Stefania-Canali-logo-color.webp","width":1527,"height":776,"caption":"Stefania Canali"},"image":{"@id":"https:\/\/stefania-canali.de\/#\/schema\/logo\/image\/"},"sameAs":["https:\/\/www.facebook.com\/nittardiwinery","https:\/\/x.com\/nittardi","https:\/\/www.instagram.com\/fattorianittardi\/"]}]}},"_links":{"self":[{"href":"https:\/\/stefania-canali.de\/en\/wp-json\/wp\/v2\/product\/20570","targetHints":{"allow":["GET"]}}],"collection":[{"href":"https:\/\/stefania-canali.de\/en\/wp-json\/wp\/v2\/product"}],"about":[{"href":"https:\/\/stefania-canali.de\/en\/wp-json\/wp\/v2\/types\/product"}],"wp:featuredmedia":[{"embeddable":true,"href":"https:\/\/stefania-canali.de\/en\/wp-json\/wp\/v2\/media\/17322"}],"wp:attachment":[{"href":"https:\/\/stefania-canali.de\/en\/wp-json\/wp\/v2\/media?parent=20570"}],"wp:term":[{"taxonomy":"product_brand","embeddable":true,"href":"https:\/\/stefania-canali.de\/en\/wp-json\/wp\/v2\/product_brand?post=20570"},{"taxonomy":"product_cat","embeddable":true,"href":"https:\/\/stefania-canali.de\/en\/wp-json\/wp\/v2\/product_cat?post=20570"},{"taxonomy":"product_tag","embeddable":true,"href":"https:\/\/stefania-canali.de\/en\/wp-json\/wp\/v2\/product_tag?post=20570"}],"curies":[{"name":"wp","href":"https:\/\/api.w.org\/{rel}","templated":true}]}}