{"id":20582,"date":"2025-01-20T11:12:06","date_gmt":"2025-01-20T10:12:06","guid":{"rendered":"https:\/\/stefania-canali.de\/?post_type=product&#038;p=20582"},"modified":"2025-08-15T15:41:44","modified_gmt":"2025-08-15T13:41:44","slug":"nittardi-belcanto-2022-chianti-classico-docg","status":"publish","type":"product","link":"https:\/\/stefania-canali.de\/en\/wine-club-offers\/nittardi-belcanto-2022-chianti-classico-docg\/","title":{"rendered":"Nittardi Belcanto 2022 Chianti Classico DOCG"},"content":{"rendered":"<p><strong>Name<\/strong>: Belcanto Chianti Classico DOCG<\/p>\n<p><strong>Alkohol:<\/strong> 14 %<\/p>\n<p><strong>Rebsorte<\/strong>: Sangiovese 85 %, autochthone Rebsorten 15% (Malvasia Nera, Foglia Tonda, Pugnitello, Mammolo, Ciliegiolo, Colorino und Canaiolo)<\/p>\n<p><strong>Boden<\/strong>: Boden mit mittlerer Tiefe und reichlich Schiefer- und Lehmstruktur, die dem Wein eine elegante Frische und L\u00e4nge geben.<\/p>\n<p><strong>Reben pro hectar<\/strong>: 3.300 &#8211; 6.600<\/p>\n<p><strong>Herstellung<\/strong>: 15 Monate in 35 hl <em>botti<\/em>, 4 Monate im Zementfass, einige Monate Flaschenverfeinerung<\/p>\n<p><strong>Abf\u00fclldatum<\/strong>: Juni 2024<\/p>\n<p><strong>Profil<\/strong>: Rubinrot, mit einem Aroma aus reifen Kirschen und Himbeeren sowie mediterranen und blumigen Noten. Mittlerer K\u00f6rper mit eleganten Tanninen am Gaumen und einem frischen und langanhaltendem Abgang. Hervorragend geeignet zu Antipasti und Charcuterie sowie zu allen Variationen von Pasta. Am besten bei ca. 18\u00b0 C serviert.<\/p>\n<p><strong>Lagerf\u00e4higkeit<\/strong>: Bis 2028<\/p>\n<p>&nbsp;<\/p>\n<p><strong>Zum Wein: <\/strong>Im Herzen des Chianti Classico, unweit von Castellina in Chianti gelegen, pflanzen zwei toscanische Bauern im Jahr 1968 in einer kleinen Parzelle des Weinbergs Villa Rosa auf 270m acht verschiedene Rebsorten, darunter, au\u00dfer Sangiovese, sieben autochthone Rarit\u00e4ten, die schon damals fast in Vergessenheit geraten sind. Sp\u00e4ter spazieren Peter Femfert und Stefania Canali \u00fcber den Weinberg, erkennen die vergessenen Sch\u00e4tze und beschlie\u00dfen, diese alten Reben wiederzubeleben. Nach Jahren sorgf\u00e4ltiger und intensiver Arbeit im Weinberg waren 2012 die ersten Trauben reif f\u00fcr die manuelle Ernte.<\/p>\n<p>Stolz pr\u00e4sentieren wir Ihnen unseren neuen Chianti Classico Belcanto 2022, bereits der neunte Jahrgang: eine einzigartige Cuv\u00e9e aus 85 % Sangiovese und 15% Malvasia Nera, Foglia Tonda, Pugnitello, Mammolo, Ciliegiolo, Colorino und Canaiolo, ein Wein von klassisch-modernem Profil, runden Tanninen, Lebendigkeit und Frische.<br \/>\nBelcanto steht in der Musik f\u00fcr den Wohlklang eines Gesamtwerkes, aus dem jeder einzelne Ton klar herauszuh\u00f6ren ist. Ein idealer Namenspate f\u00fcr Nittardis neue Komposition. Das Etikett zelebriert die Erde des Chianti, ihre typischen Grau- und Rott\u00f6ne, und hebt die acht Rebsorten hervor, aus denen der Wein entsteht. Im Zentrum erblickt man das Profil von Michelangelo, historischer Eigent\u00fcmer des Gutes und die Quelle vieler Inspirationen. Acht ist auch die Anzahl der T\u00f6ne auf der Tonleiter, die einen harmonischen Choral hervorbringen.<\/p>\n<div class=\"notranslate\">\u00a0<\/div>\n<div class=\"notranslate\">\u00a0<\/div>\n","protected":false},"excerpt":{"rendered":"<p><strong>Nittardi Belcanto 2022 Chianti Classico DOCG<\/strong> &#8211; der <em>Wein des sch\u00f6nen Gesangs<\/em> &#8211; ist ein Wein der modernen Generation mit kontempor\u00e4ren Profil ohne dabei seine Wurzeln im Chianti zu vernachl\u00e4ssigen. Gekeltert aus einem Hauptanteil Sangiovese sowie sieben autochthonen Rebsorten besticht dieser Chianti Classico durch elegante Tanine und einem frischen und langanhaltenden Abgang.\u00a0 Er eignet sich ideal zu Antipasti, jeder Art von Pasta oder als genussvolles Glas Wein am Abend, um einen erfolgreichen Tag ausklingen zu lassen.<\/p>\n<p>Das Etikett zelebriert die Erde des Chianti, ihre typischen Grau- und Rott\u00f6ne, und hebt die acht Rebsorten hervor, aus denen der Wein entsteht. Im Zentrum erblickt man das Profil von Michelangelo, historischer Eigent\u00fcmer des Gutes und die Quelle vieler Inspirationen. Acht ist auch die Anzahl der T\u00f6ne auf der Tonleiter, die einen harmonischen Choral hervorbringen.<\/p>\n<p><strong>Luca Maroni &#8211; 93 Punkte<\/strong><\/p>\n<p><em>24,67 EUR\/L. Inkl. Mwst. Enth\u00e4lt Sulfite.<\/em><\/p>\n<div class=\"notranslate\">\u00a0<\/div>\n","protected":false},"featured_media":20026,"template":"","meta":{"_links_to":"","_links_to_target":""},"product_brand":[],"product_cat":[914],"product_tag":[648,620],"class_list":{"0":"post-20582","1":"product","2":"type-product","3":"status-publish","4":"has-post-thumbnail","6":"product_cat-wine","7":"product_tag-belcanto","8":"product_tag-chianti-classico","10":"first","11":"instock","12":"featured","13":"shipping-taxable","14":"purchasable","15":"product-type-simple"},"yoast_head":"<!-- This site is optimized with the Yoast SEO plugin v26.6 - https:\/\/yoast.com\/wordpress\/plugins\/seo\/ -->\n<title>Nittardi Belcanto 2022 Chianti Classico DOCG - Stefania Canali<\/title>\n<meta name=\"robots\" content=\"index, follow, max-snippet:-1, max-image-preview:large, max-video-preview:-1\" \/>\n<link rel=\"canonical\" href=\"https:\/\/stefania-canali.de\/en\/wine-club-offers\/nittardi-belcanto-2022-chianti-classico-docg\/\" \/>\n<meta property=\"og:locale\" content=\"en_US\" \/>\n<meta property=\"og:type\" content=\"article\" \/>\n<meta property=\"og:title\" content=\"Nittardi Belcanto 2022 Chianti Classico DOCG - Stefania Canali\" \/>\n<meta property=\"og:description\" content=\"Nittardi Belcanto 2022 Chianti Classico DOCG - der Wein des sch\u00f6nen Gesangs - ist ein Wein der modernen Generation mit kontempor\u00e4ren Profil ohne dabei seine Wurzeln im Chianti zu vernachl\u00e4ssigen. Gekeltert aus einem Hauptanteil Sangiovese sowie sieben autochthonen Rebsorten besticht dieser Chianti Classico durch elegante Tanine und einem frischen und langanhaltenden Abgang.\u00a0 Er eignet sich ideal zu Antipasti, jeder Art von Pasta oder als genussvolles Glas Wein am Abend, um einen erfolgreichen Tag ausklingen zu lassen. Das Etikett zelebriert die Erde des Chianti, ihre typischen Grau- und Rott\u00f6ne, und hebt die acht Rebsorten hervor, aus denen der Wein entsteht. Im Zentrum erblickt man das Profil von Michelangelo, historischer Eigent\u00fcmer des Gutes und die Quelle vieler Inspirationen. Acht ist auch die Anzahl der T\u00f6ne auf der Tonleiter, die einen harmonischen Choral hervorbringen. Luca Maroni - 93 Punkte 24,67 EUR\/L. Inkl. Mwst. Enth\u00e4lt Sulfite. \u00a0\" \/>\n<meta property=\"og:url\" content=\"https:\/\/stefania-canali.de\/en\/wine-club-offers\/nittardi-belcanto-2022-chianti-classico-docg\/\" \/>\n<meta property=\"og:site_name\" content=\"Stefania Canali\" \/>\n<meta property=\"article:publisher\" content=\"https:\/\/www.facebook.com\/nittardiwinery\" \/>\n<meta property=\"article:modified_time\" content=\"2025-08-15T13:41:44+00:00\" \/>\n<meta property=\"og:image\" content=\"https:\/\/stefania-canali.de\/wp-content\/uploads\/2025\/01\/Belcanto-2022-bottle-shot-800-Qudarat-IM-SHOP.jpg\" \/>\n\t<meta property=\"og:image:width\" content=\"800\" \/>\n\t<meta property=\"og:image:height\" content=\"800\" \/>\n\t<meta property=\"og:image:type\" content=\"image\/jpeg\" \/>\n<meta name=\"twitter:card\" content=\"summary_large_image\" \/>\n<meta name=\"twitter:site\" content=\"@nittardi\" \/>\n<meta name=\"twitter:label1\" content=\"Est. reading time\" \/>\n\t<meta name=\"twitter:data1\" content=\"2 minutes\" \/>\n<script type=\"application\/ld+json\" class=\"yoast-schema-graph\">{\"@context\":\"https:\/\/schema.org\",\"@graph\":[{\"@type\":\"WebPage\",\"@id\":\"https:\/\/stefania-canali.de\/en\/wine-club-offers\/nittardi-belcanto-2022-chianti-classico-docg\/\",\"url\":\"https:\/\/stefania-canali.de\/en\/wine-club-offers\/nittardi-belcanto-2022-chianti-classico-docg\/\",\"name\":\"Nittardi Belcanto 2022 Chianti Classico DOCG - Stefania Canali\",\"isPartOf\":{\"@id\":\"https:\/\/stefania-canali.de\/#website\"},\"primaryImageOfPage\":{\"@id\":\"https:\/\/stefania-canali.de\/en\/wine-club-offers\/nittardi-belcanto-2022-chianti-classico-docg\/#primaryimage\"},\"image\":{\"@id\":\"https:\/\/stefania-canali.de\/en\/wine-club-offers\/nittardi-belcanto-2022-chianti-classico-docg\/#primaryimage\"},\"thumbnailUrl\":\"https:\/\/stefania-canali.de\/wp-content\/uploads\/2025\/01\/Belcanto-2022-bottle-shot-800-Qudarat-IM-SHOP.jpg\",\"datePublished\":\"2025-01-20T10:12:06+00:00\",\"dateModified\":\"2025-08-15T13:41:44+00:00\",\"breadcrumb\":{\"@id\":\"https:\/\/stefania-canali.de\/en\/wine-club-offers\/nittardi-belcanto-2022-chianti-classico-docg\/#breadcrumb\"},\"inLanguage\":\"en-US\",\"potentialAction\":[{\"@type\":\"ReadAction\",\"target\":[\"https:\/\/stefania-canali.de\/en\/wine-club-offers\/nittardi-belcanto-2022-chianti-classico-docg\/\"]}]},{\"@type\":\"ImageObject\",\"inLanguage\":\"en-US\",\"@id\":\"https:\/\/stefania-canali.de\/en\/wine-club-offers\/nittardi-belcanto-2022-chianti-classico-docg\/#primaryimage\",\"url\":\"https:\/\/stefania-canali.de\/wp-content\/uploads\/2025\/01\/Belcanto-2022-bottle-shot-800-Qudarat-IM-SHOP.jpg\",\"contentUrl\":\"https:\/\/stefania-canali.de\/wp-content\/uploads\/2025\/01\/Belcanto-2022-bottle-shot-800-Qudarat-IM-SHOP.jpg\",\"width\":800,\"height\":800},{\"@type\":\"BreadcrumbList\",\"@id\":\"https:\/\/stefania-canali.de\/en\/wine-club-offers\/nittardi-belcanto-2022-chianti-classico-docg\/#breadcrumb\",\"itemListElement\":[{\"@type\":\"ListItem\",\"position\":1,\"name\":\"Home\",\"item\":\"https:\/\/stefania-canali.de\/en\/\"},{\"@type\":\"ListItem\",\"position\":2,\"name\":\"Shop\",\"item\":\"https:\/\/stefania-canali.de\/en\/shop\/\"},{\"@type\":\"ListItem\",\"position\":3,\"name\":\"Nittardi Belcanto 2022 Chianti Classico DOCG\"}]},{\"@type\":\"WebSite\",\"@id\":\"https:\/\/stefania-canali.de\/#website\",\"url\":\"https:\/\/stefania-canali.de\/\",\"name\":\"Stefania Canali\",\"description\":\"Wine, Art and Hospitality\",\"publisher\":{\"@id\":\"https:\/\/stefania-canali.de\/#organization\"},\"potentialAction\":[{\"@type\":\"SearchAction\",\"target\":{\"@type\":\"EntryPoint\",\"urlTemplate\":\"https:\/\/stefania-canali.de\/?s={search_term_string}\"},\"query-input\":{\"@type\":\"PropertyValueSpecification\",\"valueRequired\":true,\"valueName\":\"search_term_string\"}}],\"inLanguage\":\"en-US\"},{\"@type\":\"Organization\",\"@id\":\"https:\/\/stefania-canali.de\/#organization\",\"name\":\"Stefania Canali\",\"url\":\"https:\/\/stefania-canali.de\/\",\"logo\":{\"@type\":\"ImageObject\",\"inLanguage\":\"en-US\",\"@id\":\"https:\/\/stefania-canali.de\/#\/schema\/logo\/image\/\",\"url\":\"https:\/\/stefania-canali.de\/wp-content\/uploads\/2022\/02\/Stefania-Canali-logo-color.webp\",\"contentUrl\":\"https:\/\/stefania-canali.de\/wp-content\/uploads\/2022\/02\/Stefania-Canali-logo-color.webp\",\"width\":1527,\"height\":776,\"caption\":\"Stefania Canali\"},\"image\":{\"@id\":\"https:\/\/stefania-canali.de\/#\/schema\/logo\/image\/\"},\"sameAs\":[\"https:\/\/www.facebook.com\/nittardiwinery\",\"https:\/\/x.com\/nittardi\",\"https:\/\/www.instagram.com\/fattorianittardi\/\"]}]}<\/script>\n<!-- \/ Yoast SEO plugin. -->","yoast_head_json":{"title":"Nittardi Belcanto 2022 Chianti Classico DOCG - Stefania Canali","robots":{"index":"index","follow":"follow","max-snippet":"max-snippet:-1","max-image-preview":"max-image-preview:large","max-video-preview":"max-video-preview:-1"},"canonical":"https:\/\/stefania-canali.de\/en\/wine-club-offers\/nittardi-belcanto-2022-chianti-classico-docg\/","og_locale":"en_US","og_type":"article","og_title":"Nittardi Belcanto 2022 Chianti Classico DOCG - Stefania Canali","og_description":"Nittardi Belcanto 2022 Chianti Classico DOCG - der Wein des sch\u00f6nen Gesangs - ist ein Wein der modernen Generation mit kontempor\u00e4ren Profil ohne dabei seine Wurzeln im Chianti zu vernachl\u00e4ssigen. Gekeltert aus einem Hauptanteil Sangiovese sowie sieben autochthonen Rebsorten besticht dieser Chianti Classico durch elegante Tanine und einem frischen und langanhaltenden Abgang.\u00a0 Er eignet sich ideal zu Antipasti, jeder Art von Pasta oder als genussvolles Glas Wein am Abend, um einen erfolgreichen Tag ausklingen zu lassen. Das Etikett zelebriert die Erde des Chianti, ihre typischen Grau- und Rott\u00f6ne, und hebt die acht Rebsorten hervor, aus denen der Wein entsteht. Im Zentrum erblickt man das Profil von Michelangelo, historischer Eigent\u00fcmer des Gutes und die Quelle vieler Inspirationen. Acht ist auch die Anzahl der T\u00f6ne auf der Tonleiter, die einen harmonischen Choral hervorbringen. Luca Maroni - 93 Punkte 24,67 EUR\/L. Inkl. Mwst. Enth\u00e4lt Sulfite. \u00a0","og_url":"https:\/\/stefania-canali.de\/en\/wine-club-offers\/nittardi-belcanto-2022-chianti-classico-docg\/","og_site_name":"Stefania Canali","article_publisher":"https:\/\/www.facebook.com\/nittardiwinery","article_modified_time":"2025-08-15T13:41:44+00:00","og_image":[{"width":800,"height":800,"url":"https:\/\/stefania-canali.de\/wp-content\/uploads\/2025\/01\/Belcanto-2022-bottle-shot-800-Qudarat-IM-SHOP.jpg","type":"image\/jpeg"}],"twitter_card":"summary_large_image","twitter_site":"@nittardi","twitter_misc":{"Est. reading time":"2 minutes"},"schema":{"@context":"https:\/\/schema.org","@graph":[{"@type":"WebPage","@id":"https:\/\/stefania-canali.de\/en\/wine-club-offers\/nittardi-belcanto-2022-chianti-classico-docg\/","url":"https:\/\/stefania-canali.de\/en\/wine-club-offers\/nittardi-belcanto-2022-chianti-classico-docg\/","name":"Nittardi Belcanto 2022 Chianti Classico DOCG - Stefania Canali","isPartOf":{"@id":"https:\/\/stefania-canali.de\/#website"},"primaryImageOfPage":{"@id":"https:\/\/stefania-canali.de\/en\/wine-club-offers\/nittardi-belcanto-2022-chianti-classico-docg\/#primaryimage"},"image":{"@id":"https:\/\/stefania-canali.de\/en\/wine-club-offers\/nittardi-belcanto-2022-chianti-classico-docg\/#primaryimage"},"thumbnailUrl":"https:\/\/stefania-canali.de\/wp-content\/uploads\/2025\/01\/Belcanto-2022-bottle-shot-800-Qudarat-IM-SHOP.jpg","datePublished":"2025-01-20T10:12:06+00:00","dateModified":"2025-08-15T13:41:44+00:00","breadcrumb":{"@id":"https:\/\/stefania-canali.de\/en\/wine-club-offers\/nittardi-belcanto-2022-chianti-classico-docg\/#breadcrumb"},"inLanguage":"en-US","potentialAction":[{"@type":"ReadAction","target":["https:\/\/stefania-canali.de\/en\/wine-club-offers\/nittardi-belcanto-2022-chianti-classico-docg\/"]}]},{"@type":"ImageObject","inLanguage":"en-US","@id":"https:\/\/stefania-canali.de\/en\/wine-club-offers\/nittardi-belcanto-2022-chianti-classico-docg\/#primaryimage","url":"https:\/\/stefania-canali.de\/wp-content\/uploads\/2025\/01\/Belcanto-2022-bottle-shot-800-Qudarat-IM-SHOP.jpg","contentUrl":"https:\/\/stefania-canali.de\/wp-content\/uploads\/2025\/01\/Belcanto-2022-bottle-shot-800-Qudarat-IM-SHOP.jpg","width":800,"height":800},{"@type":"BreadcrumbList","@id":"https:\/\/stefania-canali.de\/en\/wine-club-offers\/nittardi-belcanto-2022-chianti-classico-docg\/#breadcrumb","itemListElement":[{"@type":"ListItem","position":1,"name":"Home","item":"https:\/\/stefania-canali.de\/en\/"},{"@type":"ListItem","position":2,"name":"Shop","item":"https:\/\/stefania-canali.de\/en\/shop\/"},{"@type":"ListItem","position":3,"name":"Nittardi Belcanto 2022 Chianti Classico DOCG"}]},{"@type":"WebSite","@id":"https:\/\/stefania-canali.de\/#website","url":"https:\/\/stefania-canali.de\/","name":"Stefania Canali","description":"Wine, Art and Hospitality","publisher":{"@id":"https:\/\/stefania-canali.de\/#organization"},"potentialAction":[{"@type":"SearchAction","target":{"@type":"EntryPoint","urlTemplate":"https:\/\/stefania-canali.de\/?s={search_term_string}"},"query-input":{"@type":"PropertyValueSpecification","valueRequired":true,"valueName":"search_term_string"}}],"inLanguage":"en-US"},{"@type":"Organization","@id":"https:\/\/stefania-canali.de\/#organization","name":"Stefania Canali","url":"https:\/\/stefania-canali.de\/","logo":{"@type":"ImageObject","inLanguage":"en-US","@id":"https:\/\/stefania-canali.de\/#\/schema\/logo\/image\/","url":"https:\/\/stefania-canali.de\/wp-content\/uploads\/2022\/02\/Stefania-Canali-logo-color.webp","contentUrl":"https:\/\/stefania-canali.de\/wp-content\/uploads\/2022\/02\/Stefania-Canali-logo-color.webp","width":1527,"height":776,"caption":"Stefania Canali"},"image":{"@id":"https:\/\/stefania-canali.de\/#\/schema\/logo\/image\/"},"sameAs":["https:\/\/www.facebook.com\/nittardiwinery","https:\/\/x.com\/nittardi","https:\/\/www.instagram.com\/fattorianittardi\/"]}]}},"_links":{"self":[{"href":"https:\/\/stefania-canali.de\/en\/wp-json\/wp\/v2\/product\/20582","targetHints":{"allow":["GET"]}}],"collection":[{"href":"https:\/\/stefania-canali.de\/en\/wp-json\/wp\/v2\/product"}],"about":[{"href":"https:\/\/stefania-canali.de\/en\/wp-json\/wp\/v2\/types\/product"}],"wp:featuredmedia":[{"embeddable":true,"href":"https:\/\/stefania-canali.de\/en\/wp-json\/wp\/v2\/media\/20026"}],"wp:attachment":[{"href":"https:\/\/stefania-canali.de\/en\/wp-json\/wp\/v2\/media?parent=20582"}],"wp:term":[{"taxonomy":"product_brand","embeddable":true,"href":"https:\/\/stefania-canali.de\/en\/wp-json\/wp\/v2\/product_brand?post=20582"},{"taxonomy":"product_cat","embeddable":true,"href":"https:\/\/stefania-canali.de\/en\/wp-json\/wp\/v2\/product_cat?post=20582"},{"taxonomy":"product_tag","embeddable":true,"href":"https:\/\/stefania-canali.de\/en\/wp-json\/wp\/v2\/product_tag?post=20582"}],"curies":[{"name":"wp","href":"https:\/\/api.w.org\/{rel}","templated":true}]}}