{"id":20775,"date":"2024-10-15T11:49:05","date_gmt":"2024-10-15T09:49:05","guid":{"rendered":"https:\/\/stefania-canali.de\/?post_type=product&#038;p=20775"},"modified":"2025-11-04T10:22:40","modified_gmt":"2025-11-04T09:22:40","slug":"ceramic-plate-set-azzurro-beige-blue-venice-zafferano","status":"publish","type":"product","link":"https:\/\/stefania-canali.de\/en\/wine-club-offers\/ceramic-plate-set-azzurro-beige-blue-venice-zafferano\/","title":{"rendered":"Ceramic plate set AZZURRO beige\/blue &#8211; Venice Zafferano"},"content":{"rendered":"<p><strong>EXCLUSIVELY available as a set!<\/strong><\/p>\n<p>\nName: <strong>AZZURRO Plate Set<\/strong>, consisting of 4 plates, Venice Zafferano.<br \/>\nHandmade and hand-painted.<br \/>\nDishwasher safe, microwave safe.<\/p>\n<p><strong>Plate dimensions:<\/strong><br \/>\nPizza plate: \u00d8 330 mm, BLUE<br \/>\nPlate: \u00d8 270 mm, BEIGE<br \/>\nDeep plate: \u00d8 220 x 60 mm, white with colored dots on the rim: BORDEAUX<br \/>\nDessert plate: \u00d8 205 mm, BLUE<\/p>\n<p>Color variation:<br \/>\nBlue\/Beige<\/p>\n<p>\n<strong>Fatto a mano in Italia.<\/strong><\/p>\n","protected":false},"excerpt":{"rendered":"<p><strong>From Venice: the stylish AZZURRO ceramic plate set by Federico de Majo, the creative glassblower from Veneto, created in 2019. For a personal touch on your table.<\/strong><\/p>\n<p><strong>EXCLUSIVELY available as a set!<\/strong><br \/>\nNow at an introductory price!<\/p>\n<p>\nName: AZZURRO plate set, consisting of 4 plates, Venice Zafferano.<br \/>\nHandmade and hand-painted. Dishwasher safe, microwave safe.<\/p>\n<p>Plate dimensions:<br \/>\nPizza plate: \u00d8 330 mm, BLUE<br \/>\nPlate: \u00d8 270 mm, BEIGE<br \/>\nDeep plate: \u00d8 220 x 60 mm, white with colored dots on the rim: BORDEAUX<br \/>\nDessert plate: \u00d8 205 mm, BLUE<\/p>\n<p>Color variation:<br \/>\nBlue\/Beige<\/p>\n<p>\nFatto a mano in Italia.<\/p>\n","protected":false},"featured_media":18060,"template":"","meta":{"_links_to":"","_links_to_target":""},"product_brand":[],"product_cat":[919],"product_tag":[742],"class_list":{"0":"post-20775","1":"product","2":"type-product","3":"status-publish","4":"has-post-thumbnail","6":"product_cat-accessories","7":"product_tag-zafferano","9":"first","10":"instock","11":"shipping-taxable","12":"purchasable","13":"product-type-simple"},"yoast_head":"<!-- This site is optimized with the Yoast SEO plugin v26.6 - https:\/\/yoast.com\/wordpress\/plugins\/seo\/ -->\n<title>Ceramic plate set AZZURRO beige\/blue - Venice Zafferano - Stefania Canali<\/title>\n<meta name=\"robots\" content=\"index, follow, max-snippet:-1, max-image-preview:large, max-video-preview:-1\" \/>\n<link rel=\"canonical\" href=\"https:\/\/stefania-canali.de\/en\/wine-club-offers\/ceramic-plate-set-azzurro-beige-blue-venice-zafferano\/\" \/>\n<meta property=\"og:locale\" content=\"en_US\" \/>\n<meta property=\"og:type\" content=\"article\" \/>\n<meta property=\"og:title\" content=\"Ceramic plate set AZZURRO beige\/blue - Venice Zafferano - Stefania Canali\" \/>\n<meta property=\"og:description\" content=\"From Venice: the stylish AZZURRO ceramic plate set by Federico de Majo, the creative glassblower from Veneto, created in 2019. For a personal touch on your table. EXCLUSIVELY available as a set! Now at an introductory price!  Name: AZZURRO plate set, consisting of 4 plates, Venice Zafferano. Handmade and hand-painted. Dishwasher safe, microwave safe. Plate dimensions: Pizza plate: \u00d8 330 mm, BLUE Plate: \u00d8 270 mm, BEIGE Deep plate: \u00d8 220 x 60 mm, white with colored dots on the rim: BORDEAUX Dessert plate: \u00d8 205 mm, BLUE Color variation: Blue\/Beige  Fatto a mano in Italia.\" \/>\n<meta property=\"og:url\" content=\"https:\/\/stefania-canali.de\/en\/wine-club-offers\/ceramic-plate-set-azzurro-beige-blue-venice-zafferano\/\" \/>\n<meta property=\"og:site_name\" content=\"Stefania Canali\" \/>\n<meta property=\"article:publisher\" content=\"https:\/\/www.facebook.com\/nittardiwinery\" \/>\n<meta property=\"article:modified_time\" content=\"2025-11-04T09:22:40+00:00\" \/>\n<meta property=\"og:image\" content=\"https:\/\/stefania-canali.de\/wp-content\/uploads\/2024\/10\/k-IMG_20200925_173952-n.jpg\" \/>\n\t<meta property=\"og:image:width\" content=\"600\" \/>\n\t<meta property=\"og:image:height\" content=\"800\" \/>\n\t<meta property=\"og:image:type\" content=\"image\/jpeg\" \/>\n<meta name=\"twitter:card\" content=\"summary_large_image\" \/>\n<meta name=\"twitter:site\" content=\"@nittardi\" \/>\n<script type=\"application\/ld+json\" class=\"yoast-schema-graph\">{\"@context\":\"https:\/\/schema.org\",\"@graph\":[{\"@type\":\"WebPage\",\"@id\":\"https:\/\/stefania-canali.de\/en\/wine-club-offers\/ceramic-plate-set-azzurro-beige-blue-venice-zafferano\/\",\"url\":\"https:\/\/stefania-canali.de\/en\/wine-club-offers\/ceramic-plate-set-azzurro-beige-blue-venice-zafferano\/\",\"name\":\"Ceramic plate set AZZURRO beige\/blue - Venice Zafferano - Stefania Canali\",\"isPartOf\":{\"@id\":\"https:\/\/stefania-canali.de\/#website\"},\"primaryImageOfPage\":{\"@id\":\"https:\/\/stefania-canali.de\/en\/wine-club-offers\/ceramic-plate-set-azzurro-beige-blue-venice-zafferano\/#primaryimage\"},\"image\":{\"@id\":\"https:\/\/stefania-canali.de\/en\/wine-club-offers\/ceramic-plate-set-azzurro-beige-blue-venice-zafferano\/#primaryimage\"},\"thumbnailUrl\":\"https:\/\/stefania-canali.de\/wp-content\/uploads\/2024\/10\/k-IMG_20200925_173952-n.jpg\",\"datePublished\":\"2024-10-15T09:49:05+00:00\",\"dateModified\":\"2025-11-04T09:22:40+00:00\",\"breadcrumb\":{\"@id\":\"https:\/\/stefania-canali.de\/en\/wine-club-offers\/ceramic-plate-set-azzurro-beige-blue-venice-zafferano\/#breadcrumb\"},\"inLanguage\":\"en-US\",\"potentialAction\":[{\"@type\":\"ReadAction\",\"target\":[\"https:\/\/stefania-canali.de\/en\/wine-club-offers\/ceramic-plate-set-azzurro-beige-blue-venice-zafferano\/\"]}]},{\"@type\":\"ImageObject\",\"inLanguage\":\"en-US\",\"@id\":\"https:\/\/stefania-canali.de\/en\/wine-club-offers\/ceramic-plate-set-azzurro-beige-blue-venice-zafferano\/#primaryimage\",\"url\":\"https:\/\/stefania-canali.de\/wp-content\/uploads\/2024\/10\/k-IMG_20200925_173952-n.jpg\",\"contentUrl\":\"https:\/\/stefania-canali.de\/wp-content\/uploads\/2024\/10\/k-IMG_20200925_173952-n.jpg\",\"width\":600,\"height\":800},{\"@type\":\"BreadcrumbList\",\"@id\":\"https:\/\/stefania-canali.de\/en\/wine-club-offers\/ceramic-plate-set-azzurro-beige-blue-venice-zafferano\/#breadcrumb\",\"itemListElement\":[{\"@type\":\"ListItem\",\"position\":1,\"name\":\"Home\",\"item\":\"https:\/\/stefania-canali.de\/en\/\"},{\"@type\":\"ListItem\",\"position\":2,\"name\":\"Shop\",\"item\":\"https:\/\/stefania-canali.de\/en\/shop\/\"},{\"@type\":\"ListItem\",\"position\":3,\"name\":\"Ceramic plate set AZZURRO beige\/blue &#8211; Venice Zafferano\"}]},{\"@type\":\"WebSite\",\"@id\":\"https:\/\/stefania-canali.de\/#website\",\"url\":\"https:\/\/stefania-canali.de\/\",\"name\":\"Stefania Canali\",\"description\":\"Wine, Art and Hospitality\",\"publisher\":{\"@id\":\"https:\/\/stefania-canali.de\/#organization\"},\"potentialAction\":[{\"@type\":\"SearchAction\",\"target\":{\"@type\":\"EntryPoint\",\"urlTemplate\":\"https:\/\/stefania-canali.de\/?s={search_term_string}\"},\"query-input\":{\"@type\":\"PropertyValueSpecification\",\"valueRequired\":true,\"valueName\":\"search_term_string\"}}],\"inLanguage\":\"en-US\"},{\"@type\":\"Organization\",\"@id\":\"https:\/\/stefania-canali.de\/#organization\",\"name\":\"Stefania Canali\",\"url\":\"https:\/\/stefania-canali.de\/\",\"logo\":{\"@type\":\"ImageObject\",\"inLanguage\":\"en-US\",\"@id\":\"https:\/\/stefania-canali.de\/#\/schema\/logo\/image\/\",\"url\":\"https:\/\/stefania-canali.de\/wp-content\/uploads\/2022\/02\/Stefania-Canali-logo-color.webp\",\"contentUrl\":\"https:\/\/stefania-canali.de\/wp-content\/uploads\/2022\/02\/Stefania-Canali-logo-color.webp\",\"width\":1527,\"height\":776,\"caption\":\"Stefania Canali\"},\"image\":{\"@id\":\"https:\/\/stefania-canali.de\/#\/schema\/logo\/image\/\"},\"sameAs\":[\"https:\/\/www.facebook.com\/nittardiwinery\",\"https:\/\/x.com\/nittardi\",\"https:\/\/www.instagram.com\/fattorianittardi\/\"]}]}<\/script>\n<!-- \/ Yoast SEO plugin. -->","yoast_head_json":{"title":"Ceramic plate set AZZURRO beige\/blue - Venice Zafferano - Stefania Canali","robots":{"index":"index","follow":"follow","max-snippet":"max-snippet:-1","max-image-preview":"max-image-preview:large","max-video-preview":"max-video-preview:-1"},"canonical":"https:\/\/stefania-canali.de\/en\/wine-club-offers\/ceramic-plate-set-azzurro-beige-blue-venice-zafferano\/","og_locale":"en_US","og_type":"article","og_title":"Ceramic plate set AZZURRO beige\/blue - Venice Zafferano - Stefania Canali","og_description":"From Venice: the stylish AZZURRO ceramic plate set by Federico de Majo, the creative glassblower from Veneto, created in 2019. For a personal touch on your table. EXCLUSIVELY available as a set! Now at an introductory price!  Name: AZZURRO plate set, consisting of 4 plates, Venice Zafferano. Handmade and hand-painted. Dishwasher safe, microwave safe. Plate dimensions: Pizza plate: \u00d8 330 mm, BLUE Plate: \u00d8 270 mm, BEIGE Deep plate: \u00d8 220 x 60 mm, white with colored dots on the rim: BORDEAUX Dessert plate: \u00d8 205 mm, BLUE Color variation: Blue\/Beige  Fatto a mano in Italia.","og_url":"https:\/\/stefania-canali.de\/en\/wine-club-offers\/ceramic-plate-set-azzurro-beige-blue-venice-zafferano\/","og_site_name":"Stefania Canali","article_publisher":"https:\/\/www.facebook.com\/nittardiwinery","article_modified_time":"2025-11-04T09:22:40+00:00","og_image":[{"width":600,"height":800,"url":"https:\/\/stefania-canali.de\/wp-content\/uploads\/2024\/10\/k-IMG_20200925_173952-n.jpg","type":"image\/jpeg"}],"twitter_card":"summary_large_image","twitter_site":"@nittardi","schema":{"@context":"https:\/\/schema.org","@graph":[{"@type":"WebPage","@id":"https:\/\/stefania-canali.de\/en\/wine-club-offers\/ceramic-plate-set-azzurro-beige-blue-venice-zafferano\/","url":"https:\/\/stefania-canali.de\/en\/wine-club-offers\/ceramic-plate-set-azzurro-beige-blue-venice-zafferano\/","name":"Ceramic plate set AZZURRO beige\/blue - Venice Zafferano - Stefania Canali","isPartOf":{"@id":"https:\/\/stefania-canali.de\/#website"},"primaryImageOfPage":{"@id":"https:\/\/stefania-canali.de\/en\/wine-club-offers\/ceramic-plate-set-azzurro-beige-blue-venice-zafferano\/#primaryimage"},"image":{"@id":"https:\/\/stefania-canali.de\/en\/wine-club-offers\/ceramic-plate-set-azzurro-beige-blue-venice-zafferano\/#primaryimage"},"thumbnailUrl":"https:\/\/stefania-canali.de\/wp-content\/uploads\/2024\/10\/k-IMG_20200925_173952-n.jpg","datePublished":"2024-10-15T09:49:05+00:00","dateModified":"2025-11-04T09:22:40+00:00","breadcrumb":{"@id":"https:\/\/stefania-canali.de\/en\/wine-club-offers\/ceramic-plate-set-azzurro-beige-blue-venice-zafferano\/#breadcrumb"},"inLanguage":"en-US","potentialAction":[{"@type":"ReadAction","target":["https:\/\/stefania-canali.de\/en\/wine-club-offers\/ceramic-plate-set-azzurro-beige-blue-venice-zafferano\/"]}]},{"@type":"ImageObject","inLanguage":"en-US","@id":"https:\/\/stefania-canali.de\/en\/wine-club-offers\/ceramic-plate-set-azzurro-beige-blue-venice-zafferano\/#primaryimage","url":"https:\/\/stefania-canali.de\/wp-content\/uploads\/2024\/10\/k-IMG_20200925_173952-n.jpg","contentUrl":"https:\/\/stefania-canali.de\/wp-content\/uploads\/2024\/10\/k-IMG_20200925_173952-n.jpg","width":600,"height":800},{"@type":"BreadcrumbList","@id":"https:\/\/stefania-canali.de\/en\/wine-club-offers\/ceramic-plate-set-azzurro-beige-blue-venice-zafferano\/#breadcrumb","itemListElement":[{"@type":"ListItem","position":1,"name":"Home","item":"https:\/\/stefania-canali.de\/en\/"},{"@type":"ListItem","position":2,"name":"Shop","item":"https:\/\/stefania-canali.de\/en\/shop\/"},{"@type":"ListItem","position":3,"name":"Ceramic plate set AZZURRO beige\/blue &#8211; Venice Zafferano"}]},{"@type":"WebSite","@id":"https:\/\/stefania-canali.de\/#website","url":"https:\/\/stefania-canali.de\/","name":"Stefania Canali","description":"Wine, Art and Hospitality","publisher":{"@id":"https:\/\/stefania-canali.de\/#organization"},"potentialAction":[{"@type":"SearchAction","target":{"@type":"EntryPoint","urlTemplate":"https:\/\/stefania-canali.de\/?s={search_term_string}"},"query-input":{"@type":"PropertyValueSpecification","valueRequired":true,"valueName":"search_term_string"}}],"inLanguage":"en-US"},{"@type":"Organization","@id":"https:\/\/stefania-canali.de\/#organization","name":"Stefania Canali","url":"https:\/\/stefania-canali.de\/","logo":{"@type":"ImageObject","inLanguage":"en-US","@id":"https:\/\/stefania-canali.de\/#\/schema\/logo\/image\/","url":"https:\/\/stefania-canali.de\/wp-content\/uploads\/2022\/02\/Stefania-Canali-logo-color.webp","contentUrl":"https:\/\/stefania-canali.de\/wp-content\/uploads\/2022\/02\/Stefania-Canali-logo-color.webp","width":1527,"height":776,"caption":"Stefania Canali"},"image":{"@id":"https:\/\/stefania-canali.de\/#\/schema\/logo\/image\/"},"sameAs":["https:\/\/www.facebook.com\/nittardiwinery","https:\/\/x.com\/nittardi","https:\/\/www.instagram.com\/fattorianittardi\/"]}]}},"_links":{"self":[{"href":"https:\/\/stefania-canali.de\/en\/wp-json\/wp\/v2\/product\/20775","targetHints":{"allow":["GET"]}}],"collection":[{"href":"https:\/\/stefania-canali.de\/en\/wp-json\/wp\/v2\/product"}],"about":[{"href":"https:\/\/stefania-canali.de\/en\/wp-json\/wp\/v2\/types\/product"}],"wp:featuredmedia":[{"embeddable":true,"href":"https:\/\/stefania-canali.de\/en\/wp-json\/wp\/v2\/media\/18060"}],"wp:attachment":[{"href":"https:\/\/stefania-canali.de\/en\/wp-json\/wp\/v2\/media?parent=20775"}],"wp:term":[{"taxonomy":"product_brand","embeddable":true,"href":"https:\/\/stefania-canali.de\/en\/wp-json\/wp\/v2\/product_brand?post=20775"},{"taxonomy":"product_cat","embeddable":true,"href":"https:\/\/stefania-canali.de\/en\/wp-json\/wp\/v2\/product_cat?post=20775"},{"taxonomy":"product_tag","embeddable":true,"href":"https:\/\/stefania-canali.de\/en\/wp-json\/wp\/v2\/product_tag?post=20775"}],"curies":[{"name":"wp","href":"https:\/\/api.w.org\/{rel}","templated":true}]}}