{"id":20791,"date":"2025-11-12T14:10:00","date_gmt":"2025-11-12T13:10:00","guid":{"rendered":"https:\/\/stefania-canali.de\/?post_type=product&#038;p=20791"},"modified":"2025-11-12T14:15:19","modified_gmt":"2025-11-12T13:15:19","slug":"nittardi-gran-selezione-2021-magnum","status":"publish","type":"product","link":"https:\/\/stefania-canali.de\/en\/wine-club-offers\/nittardi-gran-selezione-2021-magnum\/","title":{"rendered":"Nittardi Gran Selezione 2021 Magnum"},"content":{"rendered":"<p><strong>Name<\/strong>: Nittardi Gran Selezione 2021 Chianti Classico DOCG<\/p>\n<p><strong>Rebsorte<\/strong>: Sangiovese 100%<\/p>\n<p><strong>Alkohol:<\/strong> 14,5%<\/p>\n<p><strong>Boden<\/strong>: Boden mit guter Tiefe, reichlich Stein- und Lehmstruktur, auf einem S\u00fcdh\u00fcgel<\/p>\n<p><strong>HL\/Reben pro Hektar<\/strong>: 30 \/ 6600<\/p>\n<p><strong>Herstellung<\/strong>: 24 Monate in 500-Liter-F\u00e4ssern aus \u00f6sterreichischer und franz\u00f6sischer Eiche (20% neu), 6 Monate in einem einzelnen Betonbeh\u00e4lter, 12 Monate Flaschenreife<\/p>\n<p><strong>Profil<\/strong>: Rubinrot mit Aromen von reifen Blaubeeren, dunklen Kirschen, Brombeeren und exotischen Gew\u00fcrzen. Mittelkr\u00e4ftig mit feink\u00f6rnigen Tanninen, lebendiger Frische und einem langen, anhaltenden Finale. Nittardi Gran Selezione 2021 ist noch jugendlich und wird sich in den n\u00e4chsten 20 Jahren hervorragend entwickeln. Perfekt zur kreativen toskanischen K\u00fcche, serviert bei 18 \u00b0C.<\/p>\n<p><strong>Lagerf\u00e4higkeit<\/strong>: Bis 30 Jahre<\/p>\n","protected":false},"excerpt":{"rendered":"<div>\n<div>\n<p><strong>Nittardi Gran Selezione 2021 Chianti Classico DOCG in der Magnumflasche \u00e0 1,5 l.<\/strong><\/p>\n<p><strong>Nittardi Gran Selezione 2021 Chianti Classico DOCG<\/strong> entsteht exklusiv aus den besten Sangiovese Trauben und wird nur in gro\u00dfen Jahrg\u00e4ngen produziert. Sie repr\u00e4sentiert perfekt des Terroir von Nittardi und verbindet gekonnt das Know-how des Nittardi-Teams mit der Philosophie von Chef\u00f6nologe Carlo Ferrini. 2020 war der erste Jahrgang, in dem eine Gran Selezione produziert wurde.<\/p>\n<\/div>\n<div>\n<p><em><strong>Auszeichnungen<\/strong><\/em><\/p>\n<p><strong>96 P &#8211; Falstaff<\/strong><br \/>\n<strong>95 P &#8211; Robert Parker (Wine Advocate)<\/strong><br \/>\n<strong>95 P &#8211; Daniele Cernili<\/strong><\/p>\n<p>&nbsp;<\/p>\n<\/div>\n<p><em>63,33 EUR\/L. Inkl. Mwst. Enth\u00e4lt Sulfite.<\/em><\/p>\n<\/div>\n","protected":false},"featured_media":20364,"template":"","meta":{"_links_to":"","_links_to_target":""},"product_brand":[],"product_cat":[917,914],"product_tag":[620],"class_list":{"0":"post-20791","1":"product","2":"type-product","3":"status-publish","4":"has-post-thumbnail","6":"product_cat-magnum","7":"product_cat-wine","8":"product_tag-chianti-classico","10":"first","11":"instock","12":"shipping-taxable","13":"purchasable","14":"product-type-simple"},"yoast_head":"<!-- This site is optimized with the Yoast SEO plugin v26.6 - https:\/\/yoast.com\/wordpress\/plugins\/seo\/ -->\n<title>Nittardi Gran Selezione 2021 Magnum - Stefania Canali<\/title>\n<meta name=\"robots\" content=\"index, follow, max-snippet:-1, max-image-preview:large, max-video-preview:-1\" \/>\n<link rel=\"canonical\" href=\"https:\/\/stefania-canali.de\/en\/wine-club-offers\/nittardi-gran-selezione-2021-magnum\/\" \/>\n<meta property=\"og:locale\" content=\"en_US\" \/>\n<meta property=\"og:type\" content=\"article\" \/>\n<meta property=\"og:title\" content=\"Nittardi Gran Selezione 2021 Magnum - Stefania Canali\" \/>\n<meta property=\"og:description\" content=\"Nittardi Gran Selezione 2021 Chianti Classico DOCG in der Magnumflasche \u00e0 1,5 l. Nittardi Gran Selezione 2021 Chianti Classico DOCG entsteht exklusiv aus den besten Sangiovese Trauben und wird nur in gro\u00dfen Jahrg\u00e4ngen produziert. Sie repr\u00e4sentiert perfekt des Terroir von Nittardi und verbindet gekonnt das Know-how des Nittardi-Teams mit der Philosophie von Chef\u00f6nologe Carlo Ferrini. 2020 war der erste Jahrgang, in dem eine Gran Selezione produziert wurde.   Auszeichnungen 96 P - Falstaff 95 P - Robert Parker (Wine Advocate) 95 P - Daniele Cernili &nbsp;  63,33 EUR\/L. Inkl. Mwst. Enth\u00e4lt Sulfite.\" \/>\n<meta property=\"og:url\" content=\"https:\/\/stefania-canali.de\/en\/wine-club-offers\/nittardi-gran-selezione-2021-magnum\/\" \/>\n<meta property=\"og:site_name\" content=\"Stefania Canali\" \/>\n<meta property=\"article:publisher\" content=\"https:\/\/www.facebook.com\/nittardiwinery\" \/>\n<meta property=\"article:modified_time\" content=\"2025-11-12T13:15:19+00:00\" \/>\n<meta property=\"og:image\" content=\"https:\/\/stefania-canali.de\/wp-content\/uploads\/2024\/10\/22MG-WS.jpg\" \/>\n\t<meta property=\"og:image:width\" content=\"1000\" \/>\n\t<meta property=\"og:image:height\" content=\"1000\" \/>\n\t<meta property=\"og:image:type\" content=\"image\/jpeg\" \/>\n<meta name=\"twitter:card\" content=\"summary_large_image\" \/>\n<meta name=\"twitter:site\" content=\"@nittardi\" \/>\n<meta name=\"twitter:label1\" content=\"Est. reading time\" \/>\n\t<meta name=\"twitter:data1\" content=\"1 minute\" \/>\n<script type=\"application\/ld+json\" class=\"yoast-schema-graph\">{\"@context\":\"https:\/\/schema.org\",\"@graph\":[{\"@type\":\"WebPage\",\"@id\":\"https:\/\/stefania-canali.de\/en\/wine-club-offers\/nittardi-gran-selezione-2021-magnum\/\",\"url\":\"https:\/\/stefania-canali.de\/en\/wine-club-offers\/nittardi-gran-selezione-2021-magnum\/\",\"name\":\"Nittardi Gran Selezione 2021 Magnum - Stefania Canali\",\"isPartOf\":{\"@id\":\"https:\/\/stefania-canali.de\/#website\"},\"primaryImageOfPage\":{\"@id\":\"https:\/\/stefania-canali.de\/en\/wine-club-offers\/nittardi-gran-selezione-2021-magnum\/#primaryimage\"},\"image\":{\"@id\":\"https:\/\/stefania-canali.de\/en\/wine-club-offers\/nittardi-gran-selezione-2021-magnum\/#primaryimage\"},\"thumbnailUrl\":\"https:\/\/stefania-canali.de\/wp-content\/uploads\/2024\/10\/22MG-WS.jpg\",\"datePublished\":\"2025-11-12T13:10:00+00:00\",\"dateModified\":\"2025-11-12T13:15:19+00:00\",\"breadcrumb\":{\"@id\":\"https:\/\/stefania-canali.de\/en\/wine-club-offers\/nittardi-gran-selezione-2021-magnum\/#breadcrumb\"},\"inLanguage\":\"en-US\",\"potentialAction\":[{\"@type\":\"ReadAction\",\"target\":[\"https:\/\/stefania-canali.de\/en\/wine-club-offers\/nittardi-gran-selezione-2021-magnum\/\"]}]},{\"@type\":\"ImageObject\",\"inLanguage\":\"en-US\",\"@id\":\"https:\/\/stefania-canali.de\/en\/wine-club-offers\/nittardi-gran-selezione-2021-magnum\/#primaryimage\",\"url\":\"https:\/\/stefania-canali.de\/wp-content\/uploads\/2024\/10\/22MG-WS.jpg\",\"contentUrl\":\"https:\/\/stefania-canali.de\/wp-content\/uploads\/2024\/10\/22MG-WS.jpg\",\"width\":1000,\"height\":1000},{\"@type\":\"BreadcrumbList\",\"@id\":\"https:\/\/stefania-canali.de\/en\/wine-club-offers\/nittardi-gran-selezione-2021-magnum\/#breadcrumb\",\"itemListElement\":[{\"@type\":\"ListItem\",\"position\":1,\"name\":\"Home\",\"item\":\"https:\/\/stefania-canali.de\/en\/\"},{\"@type\":\"ListItem\",\"position\":2,\"name\":\"Shop\",\"item\":\"https:\/\/stefania-canali.de\/en\/shop\/\"},{\"@type\":\"ListItem\",\"position\":3,\"name\":\"Nittardi Gran Selezione 2021 Magnum\"}]},{\"@type\":\"WebSite\",\"@id\":\"https:\/\/stefania-canali.de\/#website\",\"url\":\"https:\/\/stefania-canali.de\/\",\"name\":\"Stefania Canali\",\"description\":\"Wine, Art and Hospitality\",\"publisher\":{\"@id\":\"https:\/\/stefania-canali.de\/#organization\"},\"potentialAction\":[{\"@type\":\"SearchAction\",\"target\":{\"@type\":\"EntryPoint\",\"urlTemplate\":\"https:\/\/stefania-canali.de\/?s={search_term_string}\"},\"query-input\":{\"@type\":\"PropertyValueSpecification\",\"valueRequired\":true,\"valueName\":\"search_term_string\"}}],\"inLanguage\":\"en-US\"},{\"@type\":\"Organization\",\"@id\":\"https:\/\/stefania-canali.de\/#organization\",\"name\":\"Stefania Canali\",\"url\":\"https:\/\/stefania-canali.de\/\",\"logo\":{\"@type\":\"ImageObject\",\"inLanguage\":\"en-US\",\"@id\":\"https:\/\/stefania-canali.de\/#\/schema\/logo\/image\/\",\"url\":\"https:\/\/stefania-canali.de\/wp-content\/uploads\/2022\/02\/Stefania-Canali-logo-color.webp\",\"contentUrl\":\"https:\/\/stefania-canali.de\/wp-content\/uploads\/2022\/02\/Stefania-Canali-logo-color.webp\",\"width\":1527,\"height\":776,\"caption\":\"Stefania Canali\"},\"image\":{\"@id\":\"https:\/\/stefania-canali.de\/#\/schema\/logo\/image\/\"},\"sameAs\":[\"https:\/\/www.facebook.com\/nittardiwinery\",\"https:\/\/x.com\/nittardi\",\"https:\/\/www.instagram.com\/fattorianittardi\/\"]}]}<\/script>\n<!-- \/ Yoast SEO plugin. -->","yoast_head_json":{"title":"Nittardi Gran Selezione 2021 Magnum - Stefania Canali","robots":{"index":"index","follow":"follow","max-snippet":"max-snippet:-1","max-image-preview":"max-image-preview:large","max-video-preview":"max-video-preview:-1"},"canonical":"https:\/\/stefania-canali.de\/en\/wine-club-offers\/nittardi-gran-selezione-2021-magnum\/","og_locale":"en_US","og_type":"article","og_title":"Nittardi Gran Selezione 2021 Magnum - Stefania Canali","og_description":"Nittardi Gran Selezione 2021 Chianti Classico DOCG in der Magnumflasche \u00e0 1,5 l. Nittardi Gran Selezione 2021 Chianti Classico DOCG entsteht exklusiv aus den besten Sangiovese Trauben und wird nur in gro\u00dfen Jahrg\u00e4ngen produziert. Sie repr\u00e4sentiert perfekt des Terroir von Nittardi und verbindet gekonnt das Know-how des Nittardi-Teams mit der Philosophie von Chef\u00f6nologe Carlo Ferrini. 2020 war der erste Jahrgang, in dem eine Gran Selezione produziert wurde.   Auszeichnungen 96 P - Falstaff 95 P - Robert Parker (Wine Advocate) 95 P - Daniele Cernili &nbsp;  63,33 EUR\/L. Inkl. Mwst. Enth\u00e4lt Sulfite.","og_url":"https:\/\/stefania-canali.de\/en\/wine-club-offers\/nittardi-gran-selezione-2021-magnum\/","og_site_name":"Stefania Canali","article_publisher":"https:\/\/www.facebook.com\/nittardiwinery","article_modified_time":"2025-11-12T13:15:19+00:00","og_image":[{"width":1000,"height":1000,"url":"https:\/\/stefania-canali.de\/wp-content\/uploads\/2024\/10\/22MG-WS.jpg","type":"image\/jpeg"}],"twitter_card":"summary_large_image","twitter_site":"@nittardi","twitter_misc":{"Est. reading time":"1 minute"},"schema":{"@context":"https:\/\/schema.org","@graph":[{"@type":"WebPage","@id":"https:\/\/stefania-canali.de\/en\/wine-club-offers\/nittardi-gran-selezione-2021-magnum\/","url":"https:\/\/stefania-canali.de\/en\/wine-club-offers\/nittardi-gran-selezione-2021-magnum\/","name":"Nittardi Gran Selezione 2021 Magnum - Stefania Canali","isPartOf":{"@id":"https:\/\/stefania-canali.de\/#website"},"primaryImageOfPage":{"@id":"https:\/\/stefania-canali.de\/en\/wine-club-offers\/nittardi-gran-selezione-2021-magnum\/#primaryimage"},"image":{"@id":"https:\/\/stefania-canali.de\/en\/wine-club-offers\/nittardi-gran-selezione-2021-magnum\/#primaryimage"},"thumbnailUrl":"https:\/\/stefania-canali.de\/wp-content\/uploads\/2024\/10\/22MG-WS.jpg","datePublished":"2025-11-12T13:10:00+00:00","dateModified":"2025-11-12T13:15:19+00:00","breadcrumb":{"@id":"https:\/\/stefania-canali.de\/en\/wine-club-offers\/nittardi-gran-selezione-2021-magnum\/#breadcrumb"},"inLanguage":"en-US","potentialAction":[{"@type":"ReadAction","target":["https:\/\/stefania-canali.de\/en\/wine-club-offers\/nittardi-gran-selezione-2021-magnum\/"]}]},{"@type":"ImageObject","inLanguage":"en-US","@id":"https:\/\/stefania-canali.de\/en\/wine-club-offers\/nittardi-gran-selezione-2021-magnum\/#primaryimage","url":"https:\/\/stefania-canali.de\/wp-content\/uploads\/2024\/10\/22MG-WS.jpg","contentUrl":"https:\/\/stefania-canali.de\/wp-content\/uploads\/2024\/10\/22MG-WS.jpg","width":1000,"height":1000},{"@type":"BreadcrumbList","@id":"https:\/\/stefania-canali.de\/en\/wine-club-offers\/nittardi-gran-selezione-2021-magnum\/#breadcrumb","itemListElement":[{"@type":"ListItem","position":1,"name":"Home","item":"https:\/\/stefania-canali.de\/en\/"},{"@type":"ListItem","position":2,"name":"Shop","item":"https:\/\/stefania-canali.de\/en\/shop\/"},{"@type":"ListItem","position":3,"name":"Nittardi Gran Selezione 2021 Magnum"}]},{"@type":"WebSite","@id":"https:\/\/stefania-canali.de\/#website","url":"https:\/\/stefania-canali.de\/","name":"Stefania Canali","description":"Wine, Art and Hospitality","publisher":{"@id":"https:\/\/stefania-canali.de\/#organization"},"potentialAction":[{"@type":"SearchAction","target":{"@type":"EntryPoint","urlTemplate":"https:\/\/stefania-canali.de\/?s={search_term_string}"},"query-input":{"@type":"PropertyValueSpecification","valueRequired":true,"valueName":"search_term_string"}}],"inLanguage":"en-US"},{"@type":"Organization","@id":"https:\/\/stefania-canali.de\/#organization","name":"Stefania Canali","url":"https:\/\/stefania-canali.de\/","logo":{"@type":"ImageObject","inLanguage":"en-US","@id":"https:\/\/stefania-canali.de\/#\/schema\/logo\/image\/","url":"https:\/\/stefania-canali.de\/wp-content\/uploads\/2022\/02\/Stefania-Canali-logo-color.webp","contentUrl":"https:\/\/stefania-canali.de\/wp-content\/uploads\/2022\/02\/Stefania-Canali-logo-color.webp","width":1527,"height":776,"caption":"Stefania Canali"},"image":{"@id":"https:\/\/stefania-canali.de\/#\/schema\/logo\/image\/"},"sameAs":["https:\/\/www.facebook.com\/nittardiwinery","https:\/\/x.com\/nittardi","https:\/\/www.instagram.com\/fattorianittardi\/"]}]}},"_links":{"self":[{"href":"https:\/\/stefania-canali.de\/en\/wp-json\/wp\/v2\/product\/20791","targetHints":{"allow":["GET"]}}],"collection":[{"href":"https:\/\/stefania-canali.de\/en\/wp-json\/wp\/v2\/product"}],"about":[{"href":"https:\/\/stefania-canali.de\/en\/wp-json\/wp\/v2\/types\/product"}],"wp:featuredmedia":[{"embeddable":true,"href":"https:\/\/stefania-canali.de\/en\/wp-json\/wp\/v2\/media\/20364"}],"wp:attachment":[{"href":"https:\/\/stefania-canali.de\/en\/wp-json\/wp\/v2\/media?parent=20791"}],"wp:term":[{"taxonomy":"product_brand","embeddable":true,"href":"https:\/\/stefania-canali.de\/en\/wp-json\/wp\/v2\/product_brand?post=20791"},{"taxonomy":"product_cat","embeddable":true,"href":"https:\/\/stefania-canali.de\/en\/wp-json\/wp\/v2\/product_cat?post=20791"},{"taxonomy":"product_tag","embeddable":true,"href":"https:\/\/stefania-canali.de\/en\/wp-json\/wp\/v2\/product_tag?post=20791"}],"curies":[{"name":"wp","href":"https:\/\/api.w.org\/{rel}","templated":true}]}}