{"id":20843,"date":"2025-11-13T12:40:30","date_gmt":"2025-11-13T11:40:30","guid":{"rendered":"https:\/\/stefania-canali.de\/?post_type=product&#038;p=20843"},"modified":"2025-11-21T10:21:02","modified_gmt":"2025-11-21T09:21:02","slug":"casanuova-di-nittardi-2023","status":"publish","type":"product","link":"https:\/\/stefania-canali.de\/en\/wine-club-offers\/casanuova-di-nittardi-2023\/","title":{"rendered":"Casanuova di Nittardi 2023"},"content":{"rendered":"<div id=\"tab-description\">\n<p><strong>Casanuova di Nittardi 2023 Vigna Doghessa DOCG Chianti Classico is Nittardi&#8217;s Chianti Classico Annata, made exclusively from Sangiovese grapes grown in the single vineyard \u2018Doghessa\u2019.<\/strong><br \/>\nIt grows at an altitude of 450 metres on hilly terrain in the golden triangle between Panzano, San Donato and Castellina in Chianti.<br \/>\nBoth in the vineyard and in the cellar, this Chianti Classico is treated with exceptional care to highlight the typical characteristics of the Sangiovese grape and our unique terroir. Casanuova di Nittardi has been certified organic since the 2017 vintage.<\/p>\n<p>Casanuova di Nittardi has been available every year since 1981 in a limited edition with artist labels and silk wrapping paper, created by Hundertwasser, Janssen, Penck, Arroyo, Combas, Yoko Ono, Tomi Ungerer, G\u00fcnter Grass, Kim Tschang Yeul, Dario Fo, Karl Otto G\u00f6tz, Alain Cl\u00e9ment, Joe Tilson, Allen Jones, Mikis Theodorakis, Fabrizio Plessi and Rissa. <strong>The 43rd label and wrapping paper was created by Korean artist Chun Kwang Young.<\/strong><\/p>\n<p>Name: Casanuova di Nittardi Vigna Doghessa Chianti Classico D.O.C.G.<\/p>\n<p>Grape variety: 100% Sangiovese<\/p>\n<p>Alcohol: 14%<\/p>\n<p>Soil: Medium depth soil with abundant slate (galestro and albarese) and clay structure.<\/p>\n<p>Vines per hectare: 6,600<\/p>\n<p>Ageing: 14 months in French and Austrian oak barrels (10% new), 4 months in concrete tanks and subsequent bottle ageing.<\/p>\n<p>Profile: Casanuova di Nittardi 2023 has a bright ruby red colour, aromas of cherries, violets and herbs, with round tannins, a powerful mid-palate and a long, silky finish. Perfect with Bistecca Fiorentina or Peposo dell&#8217;Impruneta. Serving temperature: 16\u00b0C.<\/p>\n<p>Ageing potential: At least 10 years<\/p>\n<\/div>\n","protected":false},"excerpt":{"rendered":"<p><strong>The new Casanuova di Nittardi with artist label and wrapping paper is here!<\/strong><\/p>\n<p>Casanuova di Nittardi Vigna Doghessa 2023 is Fattoria Nittardi&#8217;s Chianti Classico Annata, made exclusively from Sangiovese grapes grown in the single vineyard \u2018Doghessa\u2019.<br \/>\nIt grows at an altitude of 450 metres on hilly terrain in the golden triangle between Panzano, San Donato and Castellina in Chianti.<\/p>\n<p>Casanuova di Nittardi has been available every year since 1981 in a limited edition with an artist label and silk wrapping paper, created by Hundertwasser, Yoko Ono, Tomi Ungerer, G\u00fcnter Grass, Kim Tschang Yeul, Dario Fo, Alain Cl\u00e9ment, Joe Tilson, Mikis Theodorakis, Fabrizio Plessi and Rissa, among others. <strong>The 43rd label and wrapping paper were created by Korean artist Chun Kwang Young.<\/strong><\/p>\n<p>A wonderful wine for lovers of good taste and special art.<\/p>\n<p>\n33.07 EUR\/litre. VAT included. Contains sulphites.<\/p>\n","protected":false},"featured_media":20798,"template":"","meta":{"_links_to":"","_links_to_target":""},"product_brand":[],"product_cat":[1058,914],"product_tag":[815,650,620,651,653],"class_list":{"0":"post-20843","1":"product","2":"type-product","3":"status-publish","4":"has-post-thumbnail","6":"product_cat-christmas","7":"product_cat-wine","8":"product_tag-815","9":"product_tag-casanuova","10":"product_tag-chianti-classico","11":"product_tag-doghessa","12":"product_tag-sangiovese","14":"first","15":"instock","16":"featured","17":"shipping-taxable","18":"purchasable","19":"product-type-simple"},"yoast_head":"<!-- This site is optimized with the Yoast SEO plugin v26.6 - https:\/\/yoast.com\/wordpress\/plugins\/seo\/ -->\n<title>C - Stefania Canali C<\/title>\n<meta name=\"description\" content=\"The new Chianti Classico with artist label and wrappings paper by the winery Nittardi. Exclusive taste meets spectacular art in this award winning red wine.\" \/>\n<meta name=\"robots\" content=\"index, follow, max-snippet:-1, max-image-preview:large, max-video-preview:-1\" \/>\n<link rel=\"canonical\" href=\"https:\/\/stefania-canali.de\/en\/wine-club-offers\/casanuova-di-nittardi-2023\/\" \/>\n<meta property=\"og:locale\" content=\"en_US\" \/>\n<meta property=\"og:type\" content=\"article\" \/>\n<meta property=\"og:title\" content=\"C - Stefania Canali C\" \/>\n<meta property=\"og:description\" content=\"The new Chianti Classico with artist label and wrappings paper by the winery Nittardi. Exclusive taste meets spectacular art in this award winning red wine.\" \/>\n<meta property=\"og:url\" content=\"https:\/\/stefania-canali.de\/en\/wine-club-offers\/casanuova-di-nittardi-2023\/\" \/>\n<meta property=\"og:site_name\" content=\"Stefania Canali\" \/>\n<meta property=\"article:publisher\" content=\"https:\/\/www.facebook.com\/nittardiwinery\" \/>\n<meta property=\"article:modified_time\" content=\"2025-11-21T09:21:02+00:00\" \/>\n<meta property=\"og:image\" content=\"https:\/\/stefania-canali.de\/wp-content\/uploads\/2025\/11\/CdN23-WS.jpg\" \/>\n\t<meta property=\"og:image:width\" content=\"1000\" \/>\n\t<meta property=\"og:image:height\" content=\"1000\" \/>\n\t<meta property=\"og:image:type\" content=\"image\/jpeg\" \/>\n<meta name=\"twitter:card\" content=\"summary_large_image\" \/>\n<meta name=\"twitter:site\" content=\"@nittardi\" \/>\n<meta name=\"twitter:label1\" content=\"Est. reading time\" \/>\n\t<meta name=\"twitter:data1\" content=\"1 minute\" \/>\n<script type=\"application\/ld+json\" class=\"yoast-schema-graph\">{\"@context\":\"https:\/\/schema.org\",\"@graph\":[{\"@type\":\"WebPage\",\"@id\":\"https:\/\/stefania-canali.de\/en\/wine-club-offers\/casanuova-di-nittardi-2023\/\",\"url\":\"https:\/\/stefania-canali.de\/en\/wine-club-offers\/casanuova-di-nittardi-2023\/\",\"name\":\"C - Stefania Canali C\",\"isPartOf\":{\"@id\":\"https:\/\/stefania-canali.de\/#website\"},\"primaryImageOfPage\":{\"@id\":\"https:\/\/stefania-canali.de\/en\/wine-club-offers\/casanuova-di-nittardi-2023\/#primaryimage\"},\"image\":{\"@id\":\"https:\/\/stefania-canali.de\/en\/wine-club-offers\/casanuova-di-nittardi-2023\/#primaryimage\"},\"thumbnailUrl\":\"https:\/\/stefania-canali.de\/wp-content\/uploads\/2025\/11\/CdN23-WS.jpg\",\"datePublished\":\"2025-11-13T11:40:30+00:00\",\"dateModified\":\"2025-11-21T09:21:02+00:00\",\"description\":\"The new Chianti Classico with artist label and wrappings paper by the winery Nittardi. Exclusive taste meets spectacular art in this award winning red wine.\",\"breadcrumb\":{\"@id\":\"https:\/\/stefania-canali.de\/en\/wine-club-offers\/casanuova-di-nittardi-2023\/#breadcrumb\"},\"inLanguage\":\"en-US\",\"potentialAction\":[{\"@type\":\"ReadAction\",\"target\":[\"https:\/\/stefania-canali.de\/en\/wine-club-offers\/casanuova-di-nittardi-2023\/\"]}]},{\"@type\":\"ImageObject\",\"inLanguage\":\"en-US\",\"@id\":\"https:\/\/stefania-canali.de\/en\/wine-club-offers\/casanuova-di-nittardi-2023\/#primaryimage\",\"url\":\"https:\/\/stefania-canali.de\/wp-content\/uploads\/2025\/11\/CdN23-WS.jpg\",\"contentUrl\":\"https:\/\/stefania-canali.de\/wp-content\/uploads\/2025\/11\/CdN23-WS.jpg\",\"width\":1000,\"height\":1000},{\"@type\":\"BreadcrumbList\",\"@id\":\"https:\/\/stefania-canali.de\/en\/wine-club-offers\/casanuova-di-nittardi-2023\/#breadcrumb\",\"itemListElement\":[{\"@type\":\"ListItem\",\"position\":1,\"name\":\"Home\",\"item\":\"https:\/\/stefania-canali.de\/en\/\"},{\"@type\":\"ListItem\",\"position\":2,\"name\":\"Shop\",\"item\":\"https:\/\/stefania-canali.de\/en\/shop\/\"},{\"@type\":\"ListItem\",\"position\":3,\"name\":\"Casanuova di Nittardi 2023\"}]},{\"@type\":\"WebSite\",\"@id\":\"https:\/\/stefania-canali.de\/#website\",\"url\":\"https:\/\/stefania-canali.de\/\",\"name\":\"Stefania Canali\",\"description\":\"Wine, Art and Hospitality\",\"publisher\":{\"@id\":\"https:\/\/stefania-canali.de\/#organization\"},\"potentialAction\":[{\"@type\":\"SearchAction\",\"target\":{\"@type\":\"EntryPoint\",\"urlTemplate\":\"https:\/\/stefania-canali.de\/?s={search_term_string}\"},\"query-input\":{\"@type\":\"PropertyValueSpecification\",\"valueRequired\":true,\"valueName\":\"search_term_string\"}}],\"inLanguage\":\"en-US\"},{\"@type\":\"Organization\",\"@id\":\"https:\/\/stefania-canali.de\/#organization\",\"name\":\"Stefania Canali\",\"url\":\"https:\/\/stefania-canali.de\/\",\"logo\":{\"@type\":\"ImageObject\",\"inLanguage\":\"en-US\",\"@id\":\"https:\/\/stefania-canali.de\/#\/schema\/logo\/image\/\",\"url\":\"https:\/\/stefania-canali.de\/wp-content\/uploads\/2022\/02\/Stefania-Canali-logo-color.webp\",\"contentUrl\":\"https:\/\/stefania-canali.de\/wp-content\/uploads\/2022\/02\/Stefania-Canali-logo-color.webp\",\"width\":1527,\"height\":776,\"caption\":\"Stefania Canali\"},\"image\":{\"@id\":\"https:\/\/stefania-canali.de\/#\/schema\/logo\/image\/\"},\"sameAs\":[\"https:\/\/www.facebook.com\/nittardiwinery\",\"https:\/\/x.com\/nittardi\",\"https:\/\/www.instagram.com\/fattorianittardi\/\"]}]}<\/script>\n<!-- \/ Yoast SEO plugin. -->","yoast_head_json":{"title":"C - Stefania Canali C","description":"The new Chianti Classico with artist label and wrappings paper by the winery Nittardi. Exclusive taste meets spectacular art in this award winning red wine.","robots":{"index":"index","follow":"follow","max-snippet":"max-snippet:-1","max-image-preview":"max-image-preview:large","max-video-preview":"max-video-preview:-1"},"canonical":"https:\/\/stefania-canali.de\/en\/wine-club-offers\/casanuova-di-nittardi-2023\/","og_locale":"en_US","og_type":"article","og_title":"C - Stefania Canali C","og_description":"The new Chianti Classico with artist label and wrappings paper by the winery Nittardi. Exclusive taste meets spectacular art in this award winning red wine.","og_url":"https:\/\/stefania-canali.de\/en\/wine-club-offers\/casanuova-di-nittardi-2023\/","og_site_name":"Stefania Canali","article_publisher":"https:\/\/www.facebook.com\/nittardiwinery","article_modified_time":"2025-11-21T09:21:02+00:00","og_image":[{"width":1000,"height":1000,"url":"https:\/\/stefania-canali.de\/wp-content\/uploads\/2025\/11\/CdN23-WS.jpg","type":"image\/jpeg"}],"twitter_card":"summary_large_image","twitter_site":"@nittardi","twitter_misc":{"Est. reading time":"1 minute"},"schema":{"@context":"https:\/\/schema.org","@graph":[{"@type":"WebPage","@id":"https:\/\/stefania-canali.de\/en\/wine-club-offers\/casanuova-di-nittardi-2023\/","url":"https:\/\/stefania-canali.de\/en\/wine-club-offers\/casanuova-di-nittardi-2023\/","name":"C - Stefania Canali C","isPartOf":{"@id":"https:\/\/stefania-canali.de\/#website"},"primaryImageOfPage":{"@id":"https:\/\/stefania-canali.de\/en\/wine-club-offers\/casanuova-di-nittardi-2023\/#primaryimage"},"image":{"@id":"https:\/\/stefania-canali.de\/en\/wine-club-offers\/casanuova-di-nittardi-2023\/#primaryimage"},"thumbnailUrl":"https:\/\/stefania-canali.de\/wp-content\/uploads\/2025\/11\/CdN23-WS.jpg","datePublished":"2025-11-13T11:40:30+00:00","dateModified":"2025-11-21T09:21:02+00:00","description":"The new Chianti Classico with artist label and wrappings paper by the winery Nittardi. Exclusive taste meets spectacular art in this award winning red wine.","breadcrumb":{"@id":"https:\/\/stefania-canali.de\/en\/wine-club-offers\/casanuova-di-nittardi-2023\/#breadcrumb"},"inLanguage":"en-US","potentialAction":[{"@type":"ReadAction","target":["https:\/\/stefania-canali.de\/en\/wine-club-offers\/casanuova-di-nittardi-2023\/"]}]},{"@type":"ImageObject","inLanguage":"en-US","@id":"https:\/\/stefania-canali.de\/en\/wine-club-offers\/casanuova-di-nittardi-2023\/#primaryimage","url":"https:\/\/stefania-canali.de\/wp-content\/uploads\/2025\/11\/CdN23-WS.jpg","contentUrl":"https:\/\/stefania-canali.de\/wp-content\/uploads\/2025\/11\/CdN23-WS.jpg","width":1000,"height":1000},{"@type":"BreadcrumbList","@id":"https:\/\/stefania-canali.de\/en\/wine-club-offers\/casanuova-di-nittardi-2023\/#breadcrumb","itemListElement":[{"@type":"ListItem","position":1,"name":"Home","item":"https:\/\/stefania-canali.de\/en\/"},{"@type":"ListItem","position":2,"name":"Shop","item":"https:\/\/stefania-canali.de\/en\/shop\/"},{"@type":"ListItem","position":3,"name":"Casanuova di Nittardi 2023"}]},{"@type":"WebSite","@id":"https:\/\/stefania-canali.de\/#website","url":"https:\/\/stefania-canali.de\/","name":"Stefania Canali","description":"Wine, Art and Hospitality","publisher":{"@id":"https:\/\/stefania-canali.de\/#organization"},"potentialAction":[{"@type":"SearchAction","target":{"@type":"EntryPoint","urlTemplate":"https:\/\/stefania-canali.de\/?s={search_term_string}"},"query-input":{"@type":"PropertyValueSpecification","valueRequired":true,"valueName":"search_term_string"}}],"inLanguage":"en-US"},{"@type":"Organization","@id":"https:\/\/stefania-canali.de\/#organization","name":"Stefania Canali","url":"https:\/\/stefania-canali.de\/","logo":{"@type":"ImageObject","inLanguage":"en-US","@id":"https:\/\/stefania-canali.de\/#\/schema\/logo\/image\/","url":"https:\/\/stefania-canali.de\/wp-content\/uploads\/2022\/02\/Stefania-Canali-logo-color.webp","contentUrl":"https:\/\/stefania-canali.de\/wp-content\/uploads\/2022\/02\/Stefania-Canali-logo-color.webp","width":1527,"height":776,"caption":"Stefania Canali"},"image":{"@id":"https:\/\/stefania-canali.de\/#\/schema\/logo\/image\/"},"sameAs":["https:\/\/www.facebook.com\/nittardiwinery","https:\/\/x.com\/nittardi","https:\/\/www.instagram.com\/fattorianittardi\/"]}]}},"_links":{"self":[{"href":"https:\/\/stefania-canali.de\/en\/wp-json\/wp\/v2\/product\/20843","targetHints":{"allow":["GET"]}}],"collection":[{"href":"https:\/\/stefania-canali.de\/en\/wp-json\/wp\/v2\/product"}],"about":[{"href":"https:\/\/stefania-canali.de\/en\/wp-json\/wp\/v2\/types\/product"}],"wp:featuredmedia":[{"embeddable":true,"href":"https:\/\/stefania-canali.de\/en\/wp-json\/wp\/v2\/media\/20798"}],"wp:attachment":[{"href":"https:\/\/stefania-canali.de\/en\/wp-json\/wp\/v2\/media?parent=20843"}],"wp:term":[{"taxonomy":"product_brand","embeddable":true,"href":"https:\/\/stefania-canali.de\/en\/wp-json\/wp\/v2\/product_brand?post=20843"},{"taxonomy":"product_cat","embeddable":true,"href":"https:\/\/stefania-canali.de\/en\/wp-json\/wp\/v2\/product_cat?post=20843"},{"taxonomy":"product_tag","embeddable":true,"href":"https:\/\/stefania-canali.de\/en\/wp-json\/wp\/v2\/product_tag?post=20843"}],"curies":[{"name":"wp","href":"https:\/\/api.w.org\/{rel}","templated":true}]}}