{"id":20854,"date":"2024-10-15T11:49:54","date_gmt":"2024-10-15T09:49:54","guid":{"rendered":"https:\/\/stefania-canali.de\/?post_type=product&#038;p=20854"},"modified":"2025-11-21T11:14:51","modified_gmt":"2025-11-21T10:14:51","slug":"firenze-porcelain-set-set-of-3-plates","status":"publish","type":"product","link":"https:\/\/stefania-canali.de\/en\/wine-club-offers\/firenze-porcelain-set-set-of-3-plates\/","title":{"rendered":"FIRENZE porcelain set \u2013 set of 3 plates"},"content":{"rendered":"<p><strong>EXCLUSIVELY available as a set!<\/strong><\/p>\n<p><strong>FIRENZE plate set<\/strong>, consisting of 3 porcelain plates, by Funky Table.<br \/>\nHandmade and hand-painted.<br \/>\nDishwasher safe.<\/p>\n<p><strong>Plate dimensions:<\/strong><br \/>\nDinner plate: \u00d8 260 mm<br \/>\nDeep plate: \u00d8 230 mm<br \/>\nDessert plate: \u00d8 205 mm<\/p>\n<p>&nbsp;<\/p>\n<p>\n<strong>Fatto a mano in Italia.<\/strong><\/p>\n","protected":false},"excerpt":{"rendered":"<p><strong>Brand new from Florence: the distinctive and playful FIRENZE porcelain plate set!<\/strong> EXCLUSIVELY available as a set! Creatively decorated and painted with motifs by the young Romanian illustrator Aitch, who has enriched La Tavola Scomposta with her floral universes and dreamy figures. Plates that become precious tableware thanks to the dreamlike illustrations by young Romanian illustrator Aitch. The floral and surreal universe is a reference to Romanian and naive folk art. Can also be used as wall decoration.<\/p>\n<p><strong>Name<\/strong>: FIRENZE Plate set, consisting of 3 porcelain plates, by Funky Table.<\/p>\n<p><strong>Handmade and hand-painted<\/strong>. Dishwasher safe.<\/p>\n<p>Plate dimensions: <br \/>\nDinner plate: \u00d8 260 mm <br \/>\nDeep plate: \u00d8 230 mm <br \/>\nDessert plate: \u00d8 205 mm <\/p>\n<p><strong>Fatto a mano in Italia.<\/strong><\/p>\n<p>VAT included.<\/p>\n","protected":false},"featured_media":18238,"template":"","meta":{"_links_to":"","_links_to_target":""},"product_brand":[],"product_cat":[919],"product_tag":[],"class_list":{"0":"post-20854","1":"product","2":"type-product","3":"status-publish","4":"has-post-thumbnail","6":"product_cat-accessories","8":"first","9":"instock","10":"shipping-taxable","11":"purchasable","12":"product-type-simple"},"yoast_head":"<!-- This site is optimized with the Yoast SEO plugin v26.6 - https:\/\/yoast.com\/wordpress\/plugins\/seo\/ -->\n<title>FIRENZE porcelain set \u2013 set of 3 plates - Stefania Canali<\/title>\n<meta name=\"robots\" content=\"index, follow, max-snippet:-1, max-image-preview:large, max-video-preview:-1\" \/>\n<link rel=\"canonical\" href=\"https:\/\/stefania-canali.de\/en\/wine-club-offers\/firenze-porcelain-set-set-of-3-plates\/\" \/>\n<meta property=\"og:locale\" content=\"en_US\" \/>\n<meta property=\"og:type\" content=\"article\" \/>\n<meta property=\"og:title\" content=\"FIRENZE porcelain set \u2013 set of 3 plates - Stefania Canali\" \/>\n<meta property=\"og:description\" content=\"Brand new from Florence: the distinctive and playful FIRENZE porcelain plate set! EXCLUSIVELY available as a set! Creatively decorated and painted with motifs by the young Romanian illustrator Aitch, who has enriched La Tavola Scomposta with her floral universes and dreamy figures. Plates that become precious tableware thanks to the dreamlike illustrations by young Romanian illustrator Aitch. The floral and surreal universe is a reference to Romanian and naive folk art. Can also be used as wall decoration. Name: FIRENZE Plate set, consisting of 3 porcelain plates, by Funky Table. Handmade and hand-painted. Dishwasher safe. Plate dimensions:  Dinner plate: \u00d8 260 mm  Deep plate: \u00d8 230 mm  Dessert plate: \u00d8 205 mm   Fatto a mano in Italia. VAT included.\" \/>\n<meta property=\"og:url\" content=\"https:\/\/stefania-canali.de\/en\/wine-club-offers\/firenze-porcelain-set-set-of-3-plates\/\" \/>\n<meta property=\"og:site_name\" content=\"Stefania Canali\" \/>\n<meta property=\"article:publisher\" content=\"https:\/\/www.facebook.com\/nittardiwinery\" \/>\n<meta property=\"article:modified_time\" content=\"2025-11-21T10:14:51+00:00\" \/>\n<meta property=\"og:image\" content=\"https:\/\/stefania-canali.de\/wp-content\/uploads\/2024\/10\/Tavola-2020-Sept-firenze-Kopie-3T.jpg\" \/>\n\t<meta property=\"og:image:width\" content=\"2220\" \/>\n\t<meta property=\"og:image:height\" content=\"2220\" \/>\n\t<meta property=\"og:image:type\" content=\"image\/jpeg\" \/>\n<meta name=\"twitter:card\" content=\"summary_large_image\" \/>\n<meta name=\"twitter:site\" content=\"@nittardi\" \/>\n<script type=\"application\/ld+json\" class=\"yoast-schema-graph\">{\"@context\":\"https:\/\/schema.org\",\"@graph\":[{\"@type\":\"WebPage\",\"@id\":\"https:\/\/stefania-canali.de\/en\/wine-club-offers\/firenze-porcelain-set-set-of-3-plates\/\",\"url\":\"https:\/\/stefania-canali.de\/en\/wine-club-offers\/firenze-porcelain-set-set-of-3-plates\/\",\"name\":\"FIRENZE porcelain set \u2013 set of 3 plates - Stefania Canali\",\"isPartOf\":{\"@id\":\"https:\/\/stefania-canali.de\/#website\"},\"primaryImageOfPage\":{\"@id\":\"https:\/\/stefania-canali.de\/en\/wine-club-offers\/firenze-porcelain-set-set-of-3-plates\/#primaryimage\"},\"image\":{\"@id\":\"https:\/\/stefania-canali.de\/en\/wine-club-offers\/firenze-porcelain-set-set-of-3-plates\/#primaryimage\"},\"thumbnailUrl\":\"https:\/\/stefania-canali.de\/wp-content\/uploads\/2024\/10\/Tavola-2020-Sept-firenze-Kopie-3T.jpg\",\"datePublished\":\"2024-10-15T09:49:54+00:00\",\"dateModified\":\"2025-11-21T10:14:51+00:00\",\"breadcrumb\":{\"@id\":\"https:\/\/stefania-canali.de\/en\/wine-club-offers\/firenze-porcelain-set-set-of-3-plates\/#breadcrumb\"},\"inLanguage\":\"en-US\",\"potentialAction\":[{\"@type\":\"ReadAction\",\"target\":[\"https:\/\/stefania-canali.de\/en\/wine-club-offers\/firenze-porcelain-set-set-of-3-plates\/\"]}]},{\"@type\":\"ImageObject\",\"inLanguage\":\"en-US\",\"@id\":\"https:\/\/stefania-canali.de\/en\/wine-club-offers\/firenze-porcelain-set-set-of-3-plates\/#primaryimage\",\"url\":\"https:\/\/stefania-canali.de\/wp-content\/uploads\/2024\/10\/Tavola-2020-Sept-firenze-Kopie-3T.jpg\",\"contentUrl\":\"https:\/\/stefania-canali.de\/wp-content\/uploads\/2024\/10\/Tavola-2020-Sept-firenze-Kopie-3T.jpg\",\"width\":2220,\"height\":2220},{\"@type\":\"BreadcrumbList\",\"@id\":\"https:\/\/stefania-canali.de\/en\/wine-club-offers\/firenze-porcelain-set-set-of-3-plates\/#breadcrumb\",\"itemListElement\":[{\"@type\":\"ListItem\",\"position\":1,\"name\":\"Home\",\"item\":\"https:\/\/stefania-canali.de\/en\/\"},{\"@type\":\"ListItem\",\"position\":2,\"name\":\"Shop\",\"item\":\"https:\/\/stefania-canali.de\/en\/shop\/\"},{\"@type\":\"ListItem\",\"position\":3,\"name\":\"FIRENZE porcelain set \u2013 set of 3 plates\"}]},{\"@type\":\"WebSite\",\"@id\":\"https:\/\/stefania-canali.de\/#website\",\"url\":\"https:\/\/stefania-canali.de\/\",\"name\":\"Stefania Canali\",\"description\":\"Wine, Art and Hospitality\",\"publisher\":{\"@id\":\"https:\/\/stefania-canali.de\/#organization\"},\"potentialAction\":[{\"@type\":\"SearchAction\",\"target\":{\"@type\":\"EntryPoint\",\"urlTemplate\":\"https:\/\/stefania-canali.de\/?s={search_term_string}\"},\"query-input\":{\"@type\":\"PropertyValueSpecification\",\"valueRequired\":true,\"valueName\":\"search_term_string\"}}],\"inLanguage\":\"en-US\"},{\"@type\":\"Organization\",\"@id\":\"https:\/\/stefania-canali.de\/#organization\",\"name\":\"Stefania Canali\",\"url\":\"https:\/\/stefania-canali.de\/\",\"logo\":{\"@type\":\"ImageObject\",\"inLanguage\":\"en-US\",\"@id\":\"https:\/\/stefania-canali.de\/#\/schema\/logo\/image\/\",\"url\":\"https:\/\/stefania-canali.de\/wp-content\/uploads\/2022\/02\/Stefania-Canali-logo-color.webp\",\"contentUrl\":\"https:\/\/stefania-canali.de\/wp-content\/uploads\/2022\/02\/Stefania-Canali-logo-color.webp\",\"width\":1527,\"height\":776,\"caption\":\"Stefania Canali\"},\"image\":{\"@id\":\"https:\/\/stefania-canali.de\/#\/schema\/logo\/image\/\"},\"sameAs\":[\"https:\/\/www.facebook.com\/nittardiwinery\",\"https:\/\/x.com\/nittardi\",\"https:\/\/www.instagram.com\/fattorianittardi\/\"]}]}<\/script>\n<!-- \/ Yoast SEO plugin. -->","yoast_head_json":{"title":"FIRENZE porcelain set \u2013 set of 3 plates - Stefania Canali","robots":{"index":"index","follow":"follow","max-snippet":"max-snippet:-1","max-image-preview":"max-image-preview:large","max-video-preview":"max-video-preview:-1"},"canonical":"https:\/\/stefania-canali.de\/en\/wine-club-offers\/firenze-porcelain-set-set-of-3-plates\/","og_locale":"en_US","og_type":"article","og_title":"FIRENZE porcelain set \u2013 set of 3 plates - Stefania Canali","og_description":"Brand new from Florence: the distinctive and playful FIRENZE porcelain plate set! EXCLUSIVELY available as a set! Creatively decorated and painted with motifs by the young Romanian illustrator Aitch, who has enriched La Tavola Scomposta with her floral universes and dreamy figures. Plates that become precious tableware thanks to the dreamlike illustrations by young Romanian illustrator Aitch. The floral and surreal universe is a reference to Romanian and naive folk art. Can also be used as wall decoration. Name: FIRENZE Plate set, consisting of 3 porcelain plates, by Funky Table. Handmade and hand-painted. Dishwasher safe. Plate dimensions:  Dinner plate: \u00d8 260 mm  Deep plate: \u00d8 230 mm  Dessert plate: \u00d8 205 mm   Fatto a mano in Italia. VAT included.","og_url":"https:\/\/stefania-canali.de\/en\/wine-club-offers\/firenze-porcelain-set-set-of-3-plates\/","og_site_name":"Stefania Canali","article_publisher":"https:\/\/www.facebook.com\/nittardiwinery","article_modified_time":"2025-11-21T10:14:51+00:00","og_image":[{"width":2220,"height":2220,"url":"https:\/\/stefania-canali.de\/wp-content\/uploads\/2024\/10\/Tavola-2020-Sept-firenze-Kopie-3T.jpg","type":"image\/jpeg"}],"twitter_card":"summary_large_image","twitter_site":"@nittardi","schema":{"@context":"https:\/\/schema.org","@graph":[{"@type":"WebPage","@id":"https:\/\/stefania-canali.de\/en\/wine-club-offers\/firenze-porcelain-set-set-of-3-plates\/","url":"https:\/\/stefania-canali.de\/en\/wine-club-offers\/firenze-porcelain-set-set-of-3-plates\/","name":"FIRENZE porcelain set \u2013 set of 3 plates - Stefania Canali","isPartOf":{"@id":"https:\/\/stefania-canali.de\/#website"},"primaryImageOfPage":{"@id":"https:\/\/stefania-canali.de\/en\/wine-club-offers\/firenze-porcelain-set-set-of-3-plates\/#primaryimage"},"image":{"@id":"https:\/\/stefania-canali.de\/en\/wine-club-offers\/firenze-porcelain-set-set-of-3-plates\/#primaryimage"},"thumbnailUrl":"https:\/\/stefania-canali.de\/wp-content\/uploads\/2024\/10\/Tavola-2020-Sept-firenze-Kopie-3T.jpg","datePublished":"2024-10-15T09:49:54+00:00","dateModified":"2025-11-21T10:14:51+00:00","breadcrumb":{"@id":"https:\/\/stefania-canali.de\/en\/wine-club-offers\/firenze-porcelain-set-set-of-3-plates\/#breadcrumb"},"inLanguage":"en-US","potentialAction":[{"@type":"ReadAction","target":["https:\/\/stefania-canali.de\/en\/wine-club-offers\/firenze-porcelain-set-set-of-3-plates\/"]}]},{"@type":"ImageObject","inLanguage":"en-US","@id":"https:\/\/stefania-canali.de\/en\/wine-club-offers\/firenze-porcelain-set-set-of-3-plates\/#primaryimage","url":"https:\/\/stefania-canali.de\/wp-content\/uploads\/2024\/10\/Tavola-2020-Sept-firenze-Kopie-3T.jpg","contentUrl":"https:\/\/stefania-canali.de\/wp-content\/uploads\/2024\/10\/Tavola-2020-Sept-firenze-Kopie-3T.jpg","width":2220,"height":2220},{"@type":"BreadcrumbList","@id":"https:\/\/stefania-canali.de\/en\/wine-club-offers\/firenze-porcelain-set-set-of-3-plates\/#breadcrumb","itemListElement":[{"@type":"ListItem","position":1,"name":"Home","item":"https:\/\/stefania-canali.de\/en\/"},{"@type":"ListItem","position":2,"name":"Shop","item":"https:\/\/stefania-canali.de\/en\/shop\/"},{"@type":"ListItem","position":3,"name":"FIRENZE porcelain set \u2013 set of 3 plates"}]},{"@type":"WebSite","@id":"https:\/\/stefania-canali.de\/#website","url":"https:\/\/stefania-canali.de\/","name":"Stefania Canali","description":"Wine, Art and Hospitality","publisher":{"@id":"https:\/\/stefania-canali.de\/#organization"},"potentialAction":[{"@type":"SearchAction","target":{"@type":"EntryPoint","urlTemplate":"https:\/\/stefania-canali.de\/?s={search_term_string}"},"query-input":{"@type":"PropertyValueSpecification","valueRequired":true,"valueName":"search_term_string"}}],"inLanguage":"en-US"},{"@type":"Organization","@id":"https:\/\/stefania-canali.de\/#organization","name":"Stefania Canali","url":"https:\/\/stefania-canali.de\/","logo":{"@type":"ImageObject","inLanguage":"en-US","@id":"https:\/\/stefania-canali.de\/#\/schema\/logo\/image\/","url":"https:\/\/stefania-canali.de\/wp-content\/uploads\/2022\/02\/Stefania-Canali-logo-color.webp","contentUrl":"https:\/\/stefania-canali.de\/wp-content\/uploads\/2022\/02\/Stefania-Canali-logo-color.webp","width":1527,"height":776,"caption":"Stefania Canali"},"image":{"@id":"https:\/\/stefania-canali.de\/#\/schema\/logo\/image\/"},"sameAs":["https:\/\/www.facebook.com\/nittardiwinery","https:\/\/x.com\/nittardi","https:\/\/www.instagram.com\/fattorianittardi\/"]}]}},"_links":{"self":[{"href":"https:\/\/stefania-canali.de\/en\/wp-json\/wp\/v2\/product\/20854","targetHints":{"allow":["GET"]}}],"collection":[{"href":"https:\/\/stefania-canali.de\/en\/wp-json\/wp\/v2\/product"}],"about":[{"href":"https:\/\/stefania-canali.de\/en\/wp-json\/wp\/v2\/types\/product"}],"wp:featuredmedia":[{"embeddable":true,"href":"https:\/\/stefania-canali.de\/en\/wp-json\/wp\/v2\/media\/18238"}],"wp:attachment":[{"href":"https:\/\/stefania-canali.de\/en\/wp-json\/wp\/v2\/media?parent=20854"}],"wp:term":[{"taxonomy":"product_brand","embeddable":true,"href":"https:\/\/stefania-canali.de\/en\/wp-json\/wp\/v2\/product_brand?post=20854"},{"taxonomy":"product_cat","embeddable":true,"href":"https:\/\/stefania-canali.de\/en\/wp-json\/wp\/v2\/product_cat?post=20854"},{"taxonomy":"product_tag","embeddable":true,"href":"https:\/\/stefania-canali.de\/en\/wp-json\/wp\/v2\/product_tag?post=20854"}],"curies":[{"name":"wp","href":"https:\/\/api.w.org\/{rel}","templated":true}]}}