{"id":20856,"date":"2024-10-15T11:52:21","date_gmt":"2024-10-15T09:52:21","guid":{"rendered":"https:\/\/stefania-canali.de\/?post_type=product&#038;p=20856"},"modified":"2025-11-21T11:18:23","modified_gmt":"2025-11-21T10:18:23","slug":"corallo-set-of-3-plates-by-giusti","status":"publish","type":"product","link":"https:\/\/stefania-canali.de\/en\/wine-club-offers\/corallo-set-of-3-plates-by-giusti\/","title":{"rendered":"Corallo, set of 3 plates, by Giusti"},"content":{"rendered":"<p><strong>EXCLUSIVELY<\/strong> available as a set!<\/p>\n<p><strong>Name<\/strong>: CORALLO plate set, consisting of 3 melamine plates, by Mario Luca Giusti, Florence.<br \/>\nDishwasher safe.<\/p>\n<p><strong>Available in<\/strong>: coral red or navy blue (please specify when ordering)<\/p>\n<p><strong>Plate dimensions:<\/strong><br \/>\nDinner plate: \u00d8 270 mm<br \/>\nDeep plate: \u00d8 190 mm<br \/>\nDessert plate: \u00d8 230 mm<\/p>\n<p>&nbsp;<\/p>\n<p>&nbsp;<\/p>\n<p><em>\u00a0<\/em><\/p>\n<p>&nbsp;<\/p>\n","protected":false},"excerpt":{"rendered":"<p><strong>EXCLUSIVELY available as a set!<\/strong><\/p>\n<p><strong>Name<\/strong>: CORALLO plate set, consisting of 3 melamine plates, by Mario Luca Giusti, Florence Dishwasher safe.<br \/>\n<strong>Available in<\/strong>: coral red or navy blue (please specify when ordering)<br \/>\n<strong>Plate dimensions<\/strong>: Dinner plate: \u00d8 270 mm Deep plate: \u00d8 190 mm Dessert plate: \u00d8 230 mm<\/p>\n<p>&nbsp;<\/p>\n<p>&nbsp;<\/p>\n<p>VAT included.<\/p>\n","protected":false},"featured_media":18581,"template":"","meta":{"_links_to":"","_links_to_target":""},"product_brand":[],"product_cat":[919],"product_tag":[785],"class_list":{"0":"post-20856","1":"product","2":"type-product","3":"status-publish","4":"has-post-thumbnail","6":"product_cat-accessories","7":"product_tag-giusti","9":"first","10":"instock","11":"shipping-taxable","12":"purchasable","13":"product-type-simple"},"yoast_head":"<!-- This site is optimized with the Yoast SEO plugin v26.6 - https:\/\/yoast.com\/wordpress\/plugins\/seo\/ -->\n<title>Corallo, set of 3 plates, by Giusti - Stefania Canali<\/title>\n<meta name=\"robots\" content=\"index, follow, max-snippet:-1, max-image-preview:large, max-video-preview:-1\" \/>\n<link rel=\"canonical\" href=\"https:\/\/stefania-canali.de\/en\/wine-club-offers\/corallo-set-of-3-plates-by-giusti\/\" \/>\n<meta property=\"og:locale\" content=\"en_US\" \/>\n<meta property=\"og:type\" content=\"article\" \/>\n<meta property=\"og:title\" content=\"Corallo, set of 3 plates, by Giusti - Stefania Canali\" \/>\n<meta property=\"og:description\" content=\"EXCLUSIVELY available as a set! Name: CORALLO plate set, consisting of 3 melamine plates, by Mario Luca Giusti, Florence Dishwasher safe. Available in: coral red or navy blue (please specify when ordering) Plate dimensions: Dinner plate: \u00d8 270 mm Deep plate: \u00d8 190 mm Dessert plate: \u00d8 230 mm &nbsp; &nbsp; VAT included.\" \/>\n<meta property=\"og:url\" content=\"https:\/\/stefania-canali.de\/en\/wine-club-offers\/corallo-set-of-3-plates-by-giusti\/\" \/>\n<meta property=\"og:site_name\" content=\"Stefania Canali\" \/>\n<meta property=\"article:publisher\" content=\"https:\/\/www.facebook.com\/nittardiwinery\" \/>\n<meta property=\"article:modified_time\" content=\"2025-11-21T10:18:23+00:00\" \/>\n<meta property=\"og:image\" content=\"https:\/\/stefania-canali.de\/wp-content\/uploads\/2024\/10\/corallo-rosso-medio-1858-g1-o_rgb.jpg\" \/>\n\t<meta property=\"og:image:width\" content=\"330\" \/>\n\t<meta property=\"og:image:height\" content=\"414\" \/>\n\t<meta property=\"og:image:type\" content=\"image\/jpeg\" \/>\n<meta name=\"twitter:card\" content=\"summary_large_image\" \/>\n<meta name=\"twitter:site\" content=\"@nittardi\" \/>\n<script type=\"application\/ld+json\" class=\"yoast-schema-graph\">{\"@context\":\"https:\/\/schema.org\",\"@graph\":[{\"@type\":\"WebPage\",\"@id\":\"https:\/\/stefania-canali.de\/en\/wine-club-offers\/corallo-set-of-3-plates-by-giusti\/\",\"url\":\"https:\/\/stefania-canali.de\/en\/wine-club-offers\/corallo-set-of-3-plates-by-giusti\/\",\"name\":\"Corallo, set of 3 plates, by Giusti - Stefania Canali\",\"isPartOf\":{\"@id\":\"https:\/\/stefania-canali.de\/#website\"},\"primaryImageOfPage\":{\"@id\":\"https:\/\/stefania-canali.de\/en\/wine-club-offers\/corallo-set-of-3-plates-by-giusti\/#primaryimage\"},\"image\":{\"@id\":\"https:\/\/stefania-canali.de\/en\/wine-club-offers\/corallo-set-of-3-plates-by-giusti\/#primaryimage\"},\"thumbnailUrl\":\"https:\/\/stefania-canali.de\/wp-content\/uploads\/2024\/10\/corallo-rosso-medio-1858-g1-o_rgb.jpg\",\"datePublished\":\"2024-10-15T09:52:21+00:00\",\"dateModified\":\"2025-11-21T10:18:23+00:00\",\"breadcrumb\":{\"@id\":\"https:\/\/stefania-canali.de\/en\/wine-club-offers\/corallo-set-of-3-plates-by-giusti\/#breadcrumb\"},\"inLanguage\":\"en-US\",\"potentialAction\":[{\"@type\":\"ReadAction\",\"target\":[\"https:\/\/stefania-canali.de\/en\/wine-club-offers\/corallo-set-of-3-plates-by-giusti\/\"]}]},{\"@type\":\"ImageObject\",\"inLanguage\":\"en-US\",\"@id\":\"https:\/\/stefania-canali.de\/en\/wine-club-offers\/corallo-set-of-3-plates-by-giusti\/#primaryimage\",\"url\":\"https:\/\/stefania-canali.de\/wp-content\/uploads\/2024\/10\/corallo-rosso-medio-1858-g1-o_rgb.jpg\",\"contentUrl\":\"https:\/\/stefania-canali.de\/wp-content\/uploads\/2024\/10\/corallo-rosso-medio-1858-g1-o_rgb.jpg\",\"width\":330,\"height\":414},{\"@type\":\"BreadcrumbList\",\"@id\":\"https:\/\/stefania-canali.de\/en\/wine-club-offers\/corallo-set-of-3-plates-by-giusti\/#breadcrumb\",\"itemListElement\":[{\"@type\":\"ListItem\",\"position\":1,\"name\":\"Home\",\"item\":\"https:\/\/stefania-canali.de\/en\/\"},{\"@type\":\"ListItem\",\"position\":2,\"name\":\"Shop\",\"item\":\"https:\/\/stefania-canali.de\/en\/shop\/\"},{\"@type\":\"ListItem\",\"position\":3,\"name\":\"Corallo, set of 3 plates, by Giusti\"}]},{\"@type\":\"WebSite\",\"@id\":\"https:\/\/stefania-canali.de\/#website\",\"url\":\"https:\/\/stefania-canali.de\/\",\"name\":\"Stefania Canali\",\"description\":\"Wine, Art and Hospitality\",\"publisher\":{\"@id\":\"https:\/\/stefania-canali.de\/#organization\"},\"potentialAction\":[{\"@type\":\"SearchAction\",\"target\":{\"@type\":\"EntryPoint\",\"urlTemplate\":\"https:\/\/stefania-canali.de\/?s={search_term_string}\"},\"query-input\":{\"@type\":\"PropertyValueSpecification\",\"valueRequired\":true,\"valueName\":\"search_term_string\"}}],\"inLanguage\":\"en-US\"},{\"@type\":\"Organization\",\"@id\":\"https:\/\/stefania-canali.de\/#organization\",\"name\":\"Stefania Canali\",\"url\":\"https:\/\/stefania-canali.de\/\",\"logo\":{\"@type\":\"ImageObject\",\"inLanguage\":\"en-US\",\"@id\":\"https:\/\/stefania-canali.de\/#\/schema\/logo\/image\/\",\"url\":\"https:\/\/stefania-canali.de\/wp-content\/uploads\/2022\/02\/Stefania-Canali-logo-color.webp\",\"contentUrl\":\"https:\/\/stefania-canali.de\/wp-content\/uploads\/2022\/02\/Stefania-Canali-logo-color.webp\",\"width\":1527,\"height\":776,\"caption\":\"Stefania Canali\"},\"image\":{\"@id\":\"https:\/\/stefania-canali.de\/#\/schema\/logo\/image\/\"},\"sameAs\":[\"https:\/\/www.facebook.com\/nittardiwinery\",\"https:\/\/x.com\/nittardi\",\"https:\/\/www.instagram.com\/fattorianittardi\/\"]}]}<\/script>\n<!-- \/ Yoast SEO plugin. -->","yoast_head_json":{"title":"Corallo, set of 3 plates, by Giusti - Stefania Canali","robots":{"index":"index","follow":"follow","max-snippet":"max-snippet:-1","max-image-preview":"max-image-preview:large","max-video-preview":"max-video-preview:-1"},"canonical":"https:\/\/stefania-canali.de\/en\/wine-club-offers\/corallo-set-of-3-plates-by-giusti\/","og_locale":"en_US","og_type":"article","og_title":"Corallo, set of 3 plates, by Giusti - Stefania Canali","og_description":"EXCLUSIVELY available as a set! Name: CORALLO plate set, consisting of 3 melamine plates, by Mario Luca Giusti, Florence Dishwasher safe. Available in: coral red or navy blue (please specify when ordering) Plate dimensions: Dinner plate: \u00d8 270 mm Deep plate: \u00d8 190 mm Dessert plate: \u00d8 230 mm &nbsp; &nbsp; VAT included.","og_url":"https:\/\/stefania-canali.de\/en\/wine-club-offers\/corallo-set-of-3-plates-by-giusti\/","og_site_name":"Stefania Canali","article_publisher":"https:\/\/www.facebook.com\/nittardiwinery","article_modified_time":"2025-11-21T10:18:23+00:00","og_image":[{"width":330,"height":414,"url":"https:\/\/stefania-canali.de\/wp-content\/uploads\/2024\/10\/corallo-rosso-medio-1858-g1-o_rgb.jpg","type":"image\/jpeg"}],"twitter_card":"summary_large_image","twitter_site":"@nittardi","schema":{"@context":"https:\/\/schema.org","@graph":[{"@type":"WebPage","@id":"https:\/\/stefania-canali.de\/en\/wine-club-offers\/corallo-set-of-3-plates-by-giusti\/","url":"https:\/\/stefania-canali.de\/en\/wine-club-offers\/corallo-set-of-3-plates-by-giusti\/","name":"Corallo, set of 3 plates, by Giusti - Stefania Canali","isPartOf":{"@id":"https:\/\/stefania-canali.de\/#website"},"primaryImageOfPage":{"@id":"https:\/\/stefania-canali.de\/en\/wine-club-offers\/corallo-set-of-3-plates-by-giusti\/#primaryimage"},"image":{"@id":"https:\/\/stefania-canali.de\/en\/wine-club-offers\/corallo-set-of-3-plates-by-giusti\/#primaryimage"},"thumbnailUrl":"https:\/\/stefania-canali.de\/wp-content\/uploads\/2024\/10\/corallo-rosso-medio-1858-g1-o_rgb.jpg","datePublished":"2024-10-15T09:52:21+00:00","dateModified":"2025-11-21T10:18:23+00:00","breadcrumb":{"@id":"https:\/\/stefania-canali.de\/en\/wine-club-offers\/corallo-set-of-3-plates-by-giusti\/#breadcrumb"},"inLanguage":"en-US","potentialAction":[{"@type":"ReadAction","target":["https:\/\/stefania-canali.de\/en\/wine-club-offers\/corallo-set-of-3-plates-by-giusti\/"]}]},{"@type":"ImageObject","inLanguage":"en-US","@id":"https:\/\/stefania-canali.de\/en\/wine-club-offers\/corallo-set-of-3-plates-by-giusti\/#primaryimage","url":"https:\/\/stefania-canali.de\/wp-content\/uploads\/2024\/10\/corallo-rosso-medio-1858-g1-o_rgb.jpg","contentUrl":"https:\/\/stefania-canali.de\/wp-content\/uploads\/2024\/10\/corallo-rosso-medio-1858-g1-o_rgb.jpg","width":330,"height":414},{"@type":"BreadcrumbList","@id":"https:\/\/stefania-canali.de\/en\/wine-club-offers\/corallo-set-of-3-plates-by-giusti\/#breadcrumb","itemListElement":[{"@type":"ListItem","position":1,"name":"Home","item":"https:\/\/stefania-canali.de\/en\/"},{"@type":"ListItem","position":2,"name":"Shop","item":"https:\/\/stefania-canali.de\/en\/shop\/"},{"@type":"ListItem","position":3,"name":"Corallo, set of 3 plates, by Giusti"}]},{"@type":"WebSite","@id":"https:\/\/stefania-canali.de\/#website","url":"https:\/\/stefania-canali.de\/","name":"Stefania Canali","description":"Wine, Art and Hospitality","publisher":{"@id":"https:\/\/stefania-canali.de\/#organization"},"potentialAction":[{"@type":"SearchAction","target":{"@type":"EntryPoint","urlTemplate":"https:\/\/stefania-canali.de\/?s={search_term_string}"},"query-input":{"@type":"PropertyValueSpecification","valueRequired":true,"valueName":"search_term_string"}}],"inLanguage":"en-US"},{"@type":"Organization","@id":"https:\/\/stefania-canali.de\/#organization","name":"Stefania Canali","url":"https:\/\/stefania-canali.de\/","logo":{"@type":"ImageObject","inLanguage":"en-US","@id":"https:\/\/stefania-canali.de\/#\/schema\/logo\/image\/","url":"https:\/\/stefania-canali.de\/wp-content\/uploads\/2022\/02\/Stefania-Canali-logo-color.webp","contentUrl":"https:\/\/stefania-canali.de\/wp-content\/uploads\/2022\/02\/Stefania-Canali-logo-color.webp","width":1527,"height":776,"caption":"Stefania Canali"},"image":{"@id":"https:\/\/stefania-canali.de\/#\/schema\/logo\/image\/"},"sameAs":["https:\/\/www.facebook.com\/nittardiwinery","https:\/\/x.com\/nittardi","https:\/\/www.instagram.com\/fattorianittardi\/"]}]}},"_links":{"self":[{"href":"https:\/\/stefania-canali.de\/en\/wp-json\/wp\/v2\/product\/20856","targetHints":{"allow":["GET"]}}],"collection":[{"href":"https:\/\/stefania-canali.de\/en\/wp-json\/wp\/v2\/product"}],"about":[{"href":"https:\/\/stefania-canali.de\/en\/wp-json\/wp\/v2\/types\/product"}],"wp:featuredmedia":[{"embeddable":true,"href":"https:\/\/stefania-canali.de\/en\/wp-json\/wp\/v2\/media\/18581"}],"wp:attachment":[{"href":"https:\/\/stefania-canali.de\/en\/wp-json\/wp\/v2\/media?parent=20856"}],"wp:term":[{"taxonomy":"product_brand","embeddable":true,"href":"https:\/\/stefania-canali.de\/en\/wp-json\/wp\/v2\/product_brand?post=20856"},{"taxonomy":"product_cat","embeddable":true,"href":"https:\/\/stefania-canali.de\/en\/wp-json\/wp\/v2\/product_cat?post=20856"},{"taxonomy":"product_tag","embeddable":true,"href":"https:\/\/stefania-canali.de\/en\/wp-json\/wp\/v2\/product_tag?post=20856"}],"curies":[{"name":"wp","href":"https:\/\/api.w.org\/{rel}","templated":true}]}}